{"id":14,"date":"2011-07-14T19:47:05","date_gmt":"2011-07-14T19:47:05","guid":{"rendered":"http:\/\/192.168.9.29\/Development\/TB\/?page_id=14"},"modified":"2025-07-16T21:41:17","modified_gmt":"2025-07-16T21:41:17","slug":"contatos-fozcanis","status":"publish","type":"page","link":"https:\/\/www.fozcanis.pt\/2016\/contatos-fozcanis\/","title":{"rendered":"Contatos"},"content":{"rendered":"<div class=\"row \">\n<div class=\"span6 \"><h2><div class=\"google-map\"><iframe loading=\"lazy\" src=\"https:\/\/www.google.com\/maps\/embed?pb=!1m18!1m12!1m3!1d3048.7156425124476!2d-8.879970984680787!3d40.17088447847857!2m3!1f0!2f0!3f0!3m2!1i1024!2i768!4f13.1!3m3!1m2!1s0xd2237aad9b3cce5%3A0x814cb775e7a4314f!2sR.+Privada+43%2C+3080-230+Figueira+da+Foz!5e0!3m2!1spt-PT!2spt!4v1461831370238\" frameborder=\"0\" width=\"600\" height=\"300\" marginwidth=\"0\" marginheight=\"0\" scrolling=\"no\"><\/iframe><\/div><\/h2>\n<p>Rua da Privada,n\u00famero 43 - Buarcos<br \/>\n3080-230 Figueira da Foz<br \/>\nGPS: N 40.17098\u00ba; W 8.87780\u00ba<\/p>\n<p>E-mail: geral@fozcanis.pt<br \/>\nTelefone: 233 428 423 chamada para a rede fixa nacional<br \/>\nFax: 233 432 788 chamada para a rede fixa nacional<\/p>\n<p>Domic\u00edlios: 96 764 41 29 chamada para a rede m\u00f3vel nacional<br \/>\nUrg\u00eancias: 96 764 41 29 chamada para a rede m\u00f3vel nacional<\/p>\n<p>Facebook:<a href=\"https:\/\/pt-pt.facebook.com\/pages\/FozCanis-Hospital-Veterinario\/190282270855\"> Facebook.com\/FozCanis-Hospital-Veterinario<\/a><\/p>\n<p>Hor\u00e1rio:<br \/>\nSegunda a Sexta das 9:30 \u00e0s 21:00<br \/>\nS\u00e1bados das 10:00 \u00e0s 13:00 e das 15:00 \u00e0s 18:00<br \/>\nDomingos e Feriados - Urg\u00eancias 24h<\/p><\/div><div class=\"span6 \"><h2>Contate-nos<\/h2>\n\n<div class=\"wpcf7 no-js\" id=\"wpcf7-f3010-o1\" lang=\"pt-PT\" dir=\"ltr\" data-wpcf7-id=\"3010\">\n<div class=\"screen-reader-response\"><p role=\"status\" aria-live=\"polite\" aria-atomic=\"true\"><\/p> <ul><\/ul><\/div>\n<form action=\"\/2016\/wp-json\/wp\/v2\/pages\/14#wpcf7-f3010-o1\" method=\"post\" class=\"wpcf7-form init\" aria-label=\"Formul\u00e1rio de contacto\" novalidate=\"novalidate\" data-status=\"init\">\n<fieldset class=\"hidden-fields-container\"><input type=\"hidden\" name=\"_wpcf7\" value=\"3010\" \/><input type=\"hidden\" name=\"_wpcf7_version\" value=\"6.1.5\" \/><input type=\"hidden\" name=\"_wpcf7_locale\" value=\"pt_PT\" \/><input type=\"hidden\" name=\"_wpcf7_unit_tag\" value=\"wpcf7-f3010-o1\" \/><input type=\"hidden\" name=\"_wpcf7_container_post\" value=\"0\" \/><input type=\"hidden\" name=\"_wpcf7_posted_data_hash\" value=\"\" \/>\n<\/fieldset>\n<p>O seu nome (obrigat\u00f3rio)\n<\/p>\n<p><span class=\"wpcf7-form-control-wrap\" data-name=\"your-name\"><input size=\"40\" maxlength=\"400\" class=\"wpcf7-form-control wpcf7-text wpcf7-validates-as-required\" aria-required=\"true\" aria-invalid=\"false\" value=\"\" type=\"text\" name=\"your-name\" \/><\/span>\n<\/p>\n<p>O seu email (obrigat\u00f3rio)\n<\/p>\n<p><span class=\"wpcf7-form-control-wrap\" data-name=\"your-email\"><input size=\"40\" maxlength=\"400\" class=\"wpcf7-form-control wpcf7-email wpcf7-validates-as-required wpcf7-text wpcf7-validates-as-email\" aria-required=\"true\" aria-invalid=\"false\" value=\"\" type=\"email\" name=\"your-email\" \/><\/span>\n<\/p>\n<p>Assunto\n<\/p>\n<p><span class=\"wpcf7-form-control-wrap\" data-name=\"your-subject\"><input size=\"40\" maxlength=\"400\" class=\"wpcf7-form-control wpcf7-text\" aria-invalid=\"false\" value=\"\" type=\"text\" name=\"your-subject\" \/><\/span>\n<\/p>\n<p>A sua mensagem\n<\/p>\n<p><span class=\"wpcf7-form-control-wrap\" data-name=\"your-message\"><textarea cols=\"40\" rows=\"10\" maxlength=\"2000\" class=\"wpcf7-form-control wpcf7-textarea\" aria-invalid=\"false\" name=\"your-message\"><\/textarea><\/span>\n<\/p>\n<p><span class=\"wpcf7-form-control-wrap\" data-name=\"checkbox-800\"><span class=\"wpcf7-form-control wpcf7-checkbox wpcf7-validates-as-required\"><span class=\"wpcf7-list-item first last\"><input type=\"checkbox\" name=\"checkbox-800[]\" value=\"Eu aceito a politica de privacidade\" \/><span class=\"wpcf7-list-item-label\">Eu aceito a politica de privacidade<\/span><\/span><\/span><\/span>\n<\/p>\n<p><input class=\"wpcf7-form-control wpcf7-submit has-spinner\" type=\"submit\" value=\"Enviar\" \/>\n<\/p><div class=\"wpcf7-response-output\" aria-hidden=\"true\"><\/div>\n<\/form>\n<\/div>\n<\/div>\n<\/div><!-- .row (end) -->\n","protected":false},"excerpt":{"rendered":"","protected":false},"author":6,"featured_media":0,"parent":0,"menu_order":6,"comment_status":"open","ping_status":"closed","template":"page-fullwidth.php","meta":{"footnotes":""},"class_list":["post-14","page","type-page","status-publish","hentry"],"_links":{"self":[{"href":"https:\/\/www.fozcanis.pt\/2016\/wp-json\/wp\/v2\/pages\/14","targetHints":{"allow":["GET"]}}],"collection":[{"href":"https:\/\/www.fozcanis.pt\/2016\/wp-json\/wp\/v2\/pages"}],"about":[{"href":"https:\/\/www.fozcanis.pt\/2016\/wp-json\/wp\/v2\/types\/page"}],"author":[{"embeddable":true,"href":"https:\/\/www.fozcanis.pt\/2016\/wp-json\/wp\/v2\/users\/6"}],"replies":[{"embeddable":true,"href":"https:\/\/www.fozcanis.pt\/2016\/wp-json\/wp\/v2\/comments?post=14"}],"version-history":[{"count":39,"href":"https:\/\/www.fozcanis.pt\/2016\/wp-json\/wp\/v2\/pages\/14\/revisions"}],"predecessor-version":[{"id":3601,"href":"https:\/\/www.fozcanis.pt\/2016\/wp-json\/wp\/v2\/pages\/14\/revisions\/3601"}],"wp:attachment":[{"href":"https:\/\/www.fozcanis.pt\/2016\/wp-json\/wp\/v2\/media?parent=14"}],"curies":[{"name":"wp","href":"https:\/\/api.w.org\/{rel}","templated":true}]}}