{"id":2020,"date":"2016-04-14T08:32:42","date_gmt":"2016-04-14T08:32:42","guid":{"rendered":"http:\/\/www.fozcanis.pt\/2016\/?page_id=2020"},"modified":"2017-01-09T11:50:00","modified_gmt":"2017-01-09T11:50:00","slug":"dra-teresa-teigao","status":"publish","type":"page","link":"https:\/\/www.fozcanis.pt\/2016\/hospital\/equipa\/dra-teresa-teigao\/","title":{"rendered":"Dra. Teresa Teig\u00e3o"},"content":{"rendered":"<p>Licenciada em Medicina Veterin\u00e1ria pela Universidade de Tr\u00e1s-os-Montes e Alto Douro em 1996.<\/p>\n<p>Licenciada em Medicina Veterin\u00e1ria pela Universidade de Tr\u00e1s-os-Montes e Alto Douro em 1996, tendo estagiado na Facultad de Veterin\u00e1ria da Universidad Complutense de Madrid na \u00e1rea da Ecografia. Em Julho de 2002 foi-lhe conferido o grau de Mestre pela Faculdade de Medicina da Universidade de Coimbra com uma tese na \u00e1rea da Quimiopreven\u00e7\u00e3o do Cancro do Intestino Grosso.<\/p>\n<p>Desempenhou fun\u00e7\u00f5es de Inspec\u00e7\u00e3o Sanit\u00e1ria na Direc\u00e7\u00e3o Regional de Agricultura da Beira Litoral entre 1997 e 2003. Com experi\u00eancia lectiva no Mestrado de Patologia Experimental da FMUC.<\/p>\n<p>Colabora com algumas Cl\u00ednicas Veterin\u00e1rias da zona centro na \u00e1rea do diagn\u00f3stico ecogr\u00e1fico e exerce Cl\u00ednica de Animais de Companhia no <strong><em>FozCanis<\/em>. <\/strong><\/p>\n<p>S\u00f3cia Fundadora do <strong><em>FozCanis<\/em>.<\/strong><\/p>\n","protected":false},"excerpt":{"rendered":"Licenciada em Medicina Veterin\u00e1ria pela Universidade de Tr\u00e1s-os-Montes e Alto Douro em 1996. Licenciada em Medicina Veterin\u00e1ria pela Universidade de Tr\u00e1s-os-Montes e Alto Douro em 1996, tendo estagiado na Facultad de Veterin\u00e1ria da Universidad Complutense de Madrid na \u00e1rea da Ecografia. Em Julho de 2002 foi-lhe conferido o grau de Mestre pela Faculdade de Medicina da Universidade de Coimbra com&nbsp;<a href=\"https:\/\/www.fozcanis.pt\/2016\/hospital\/equipa\/dra-teresa-teigao\/\" class=\"read-more\">Continue Reading<\/a>","protected":false},"author":6,"featured_media":0,"parent":413,"menu_order":0,"comment_status":"closed","ping_status":"closed","template":"","meta":{"footnotes":""},"class_list":["post-2020","page","type-page","status-publish","hentry"],"_links":{"self":[{"href":"https:\/\/www.fozcanis.pt\/2016\/wp-json\/wp\/v2\/pages\/2020","targetHints":{"allow":["GET"]}}],"collection":[{"href":"https:\/\/www.fozcanis.pt\/2016\/wp-json\/wp\/v2\/pages"}],"about":[{"href":"https:\/\/www.fozcanis.pt\/2016\/wp-json\/wp\/v2\/types\/page"}],"author":[{"embeddable":true,"href":"https:\/\/www.fozcanis.pt\/2016\/wp-json\/wp\/v2\/users\/6"}],"replies":[{"embeddable":true,"href":"https:\/\/www.fozcanis.pt\/2016\/wp-json\/wp\/v2\/comments?post=2020"}],"version-history":[{"count":6,"href":"https:\/\/www.fozcanis.pt\/2016\/wp-json\/wp\/v2\/pages\/2020\/revisions"}],"predecessor-version":[{"id":3505,"href":"https:\/\/www.fozcanis.pt\/2016\/wp-json\/wp\/v2\/pages\/2020\/revisions\/3505"}],"up":[{"embeddable":true,"href":"https:\/\/www.fozcanis.pt\/2016\/wp-json\/wp\/v2\/pages\/413"}],"wp:attachment":[{"href":"https:\/\/www.fozcanis.pt\/2016\/wp-json\/wp\/v2\/media?parent=2020"}],"curies":[{"name":"wp","href":"https:\/\/api.w.org\/{rel}","templated":true}]}}