{"id":2034,"date":"2016-04-14T08:35:22","date_gmt":"2016-04-14T08:35:22","guid":{"rendered":"http:\/\/www.fozcanis.pt\/2016\/?page_id=2034"},"modified":"2016-09-16T08:37:06","modified_gmt":"2016-09-16T08:37:06","slug":"enf-angela-ramalho","status":"publish","type":"page","link":"https:\/\/www.fozcanis.pt\/2016\/hospital\/equipa\/enf-angela-ramalho\/","title":{"rendered":"Enf. \u00c2ngela Ramalho"},"content":{"rendered":"<p>Realizou o est\u00e1gio curricular na Cl\u00ednica Veterin\u00e1ria Vetdinha (Tondela) entre Mar\u00e7o e Setembro de 2010, na \u00e1rea de cl\u00ednica de animais de companhia e grandes animais.<\/p>\n<p>O seu trabalho final teve como tema \"As Dermatites Parasit\u00e1rias do C\u00e3o - Demodecose Canina e Sarna Sarc\u00f3ptica\".Participou na Brigada de Sanidade do Munic\u00edpio de Carregal do Sal, na recolha de sangue para o rastreio de Brucelose, identifica\u00e7\u00e3o e desparasita\u00e7\u00e3o de animais.<\/p>\n<p>Tem participado em diversos semin\u00e1rios e congressos relacionados com a pr\u00e1tica de enfermagem veterin\u00e1ria em animais de companhia.<\/p>\n<p>\u00c1reas de interesse: Cirurgia e Nutri\u00e7\u00e3o.<\/p>\n","protected":false},"excerpt":{"rendered":"Realizou o est\u00e1gio curricular na Cl\u00ednica Veterin\u00e1ria Vetdinha (Tondela) entre Mar\u00e7o e Setembro de 2010, na \u00e1rea de cl\u00ednica de animais de companhia e grandes animais. O seu trabalho final teve como tema \"As Dermatites Parasit\u00e1rias do C\u00e3o - Demodecose Canina e Sarna Sarc\u00f3ptica\".Participou na Brigada de Sanidade do Munic\u00edpio de Carregal do Sal, na recolha de sangue para o&nbsp;<a href=\"https:\/\/www.fozcanis.pt\/2016\/hospital\/equipa\/enf-angela-ramalho\/\" class=\"read-more\">Continue Reading<\/a>","protected":false},"author":6,"featured_media":0,"parent":413,"menu_order":0,"comment_status":"closed","ping_status":"closed","template":"","meta":{"footnotes":""},"class_list":["post-2034","page","type-page","status-publish","hentry"],"_links":{"self":[{"href":"https:\/\/www.fozcanis.pt\/2016\/wp-json\/wp\/v2\/pages\/2034","targetHints":{"allow":["GET"]}}],"collection":[{"href":"https:\/\/www.fozcanis.pt\/2016\/wp-json\/wp\/v2\/pages"}],"about":[{"href":"https:\/\/www.fozcanis.pt\/2016\/wp-json\/wp\/v2\/types\/page"}],"author":[{"embeddable":true,"href":"https:\/\/www.fozcanis.pt\/2016\/wp-json\/wp\/v2\/users\/6"}],"replies":[{"embeddable":true,"href":"https:\/\/www.fozcanis.pt\/2016\/wp-json\/wp\/v2\/comments?post=2034"}],"version-history":[{"count":5,"href":"https:\/\/www.fozcanis.pt\/2016\/wp-json\/wp\/v2\/pages\/2034\/revisions"}],"predecessor-version":[{"id":3242,"href":"https:\/\/www.fozcanis.pt\/2016\/wp-json\/wp\/v2\/pages\/2034\/revisions\/3242"}],"up":[{"embeddable":true,"href":"https:\/\/www.fozcanis.pt\/2016\/wp-json\/wp\/v2\/pages\/413"}],"wp:attachment":[{"href":"https:\/\/www.fozcanis.pt\/2016\/wp-json\/wp\/v2\/media?parent=2034"}],"curies":[{"name":"wp","href":"https:\/\/api.w.org\/{rel}","templated":true}]}}