{"id":2038,"date":"2016-04-14T08:36:06","date_gmt":"2016-04-14T08:36:06","guid":{"rendered":"http:\/\/www.fozcanis.pt\/2016\/?page_id=2038"},"modified":"2016-09-16T08:35:44","modified_gmt":"2016-09-16T08:35:44","slug":"enf-armando-azenha","status":"publish","type":"page","link":"https:\/\/www.fozcanis.pt\/2016\/hospital\/equipa\/enf-armando-azenha\/","title":{"rendered":"Enf. Armando Azenha"},"content":{"rendered":"<p>Licenciado em Enfermagem Veterin\u00e1ria pela Escola Superior Agr\u00e1ria de Castelo Branco em 2012.<\/p>\n<p>Realizou o est\u00e1gio curricular no <em>FozCanis \u2013 <\/em>Hospital Veterin\u00e1rio da Figueira da Foz em 2012 apresentando o seu trabalho final com o tema \u201cCuidados de Enfermagem em Internamento de Animais de Companhia\u201d.<\/p>\n<p>Tem participado em diversos semin\u00e1rios e congressos relacionados com a pr\u00e1tica de Enfermagem Veterin\u00e1ria em animais de companhia.<\/p>\n<p>Tem como \u00e1reas de maior interesse Cirurgia e Internamento.<\/p>\n<p>Ingressou no <em>FozCanis<\/em> em 2012.<\/p>\n","protected":false},"excerpt":{"rendered":"Licenciado em Enfermagem Veterin\u00e1ria pela Escola Superior Agr\u00e1ria de Castelo Branco em 2012. Realizou o est\u00e1gio curricular no FozCanis \u2013 Hospital Veterin\u00e1rio da Figueira da Foz em 2012 apresentando o seu trabalho final com o tema \u201cCuidados de Enfermagem em Internamento de Animais de Companhia\u201d. Tem participado em diversos semin\u00e1rios e congressos relacionados com a pr\u00e1tica de Enfermagem Veterin\u00e1ria em&nbsp;<a href=\"https:\/\/www.fozcanis.pt\/2016\/hospital\/equipa\/enf-armando-azenha\/\" class=\"read-more\">Continue Reading<\/a>","protected":false},"author":6,"featured_media":0,"parent":413,"menu_order":0,"comment_status":"closed","ping_status":"closed","template":"","meta":{"footnotes":""},"class_list":["post-2038","page","type-page","status-publish","hentry"],"_links":{"self":[{"href":"https:\/\/www.fozcanis.pt\/2016\/wp-json\/wp\/v2\/pages\/2038","targetHints":{"allow":["GET"]}}],"collection":[{"href":"https:\/\/www.fozcanis.pt\/2016\/wp-json\/wp\/v2\/pages"}],"about":[{"href":"https:\/\/www.fozcanis.pt\/2016\/wp-json\/wp\/v2\/types\/page"}],"author":[{"embeddable":true,"href":"https:\/\/www.fozcanis.pt\/2016\/wp-json\/wp\/v2\/users\/6"}],"replies":[{"embeddable":true,"href":"https:\/\/www.fozcanis.pt\/2016\/wp-json\/wp\/v2\/comments?post=2038"}],"version-history":[{"count":7,"href":"https:\/\/www.fozcanis.pt\/2016\/wp-json\/wp\/v2\/pages\/2038\/revisions"}],"predecessor-version":[{"id":3247,"href":"https:\/\/www.fozcanis.pt\/2016\/wp-json\/wp\/v2\/pages\/2038\/revisions\/3247"}],"up":[{"embeddable":true,"href":"https:\/\/www.fozcanis.pt\/2016\/wp-json\/wp\/v2\/pages\/413"}],"wp:attachment":[{"href":"https:\/\/www.fozcanis.pt\/2016\/wp-json\/wp\/v2\/media?parent=2038"}],"curies":[{"name":"wp","href":"https:\/\/api.w.org\/{rel}","templated":true}]}}