{"id":2090,"date":"2016-04-14T09:16:27","date_gmt":"2016-04-14T09:16:27","guid":{"rendered":"http:\/\/www.fozcanis.pt\/2016\/?page_id=2090"},"modified":"2016-09-26T08:12:30","modified_gmt":"2016-09-26T08:12:30","slug":"estagios","status":"publish","type":"page","link":"https:\/\/www.fozcanis.pt\/2016\/hospital\/estagios\/","title":{"rendered":"Est\u00e1gios"},"content":{"rendered":"<p>O <strong><em>FozCanis<\/em> - Hospital Veterin\u00e1rio da Figueira da Foz<\/strong> oferece est\u00e1gios curriculares e extracurriculares aos alunos de Enfermagem e de Medicina Veterin\u00e1ria, portugueses e estrangeiros.<\/p>\n<p>Pretende-se que os alunos estagi\u00e1rios tenham uma participa\u00e7\u00e3o activa nos servi\u00e7os de consulta externa, internamento, cuidados intensivos, cirurgia e servi\u00e7o de urg\u00eancia.<br \/>\nA selec\u00e7\u00e3o dos estagi\u00e1rios baseia-se na avalia\u00e7\u00e3o do <em>curriculum vitae<\/em> e numa entrevista, tendo o est\u00e1gio a dura\u00e7\u00e3o exigida pela faculdade.<\/p>\n<p>Para mais informa\u00e7\u00f5es, contacte-nos atrav\u00e9s de <a href=\"mailto:fozcanis.geral@mail.telepac.pt\">fozcanis.geral@mail.telepac.pt<\/a><\/p>\n","protected":false},"excerpt":{"rendered":"O FozCanis - Hospital Veterin\u00e1rio da Figueira da Foz oferece est\u00e1gios curriculares e extracurriculares aos alunos de Enfermagem e de Medicina Veterin\u00e1ria, portugueses e estrangeiros. Pretende-se que os alunos estagi\u00e1rios tenham uma participa\u00e7\u00e3o activa nos servi\u00e7os de consulta externa, internamento, cuidados intensivos, cirurgia e servi\u00e7o de urg\u00eancia. A selec\u00e7\u00e3o dos estagi\u00e1rios baseia-se na avalia\u00e7\u00e3o do curriculum vitae e numa entrevista,&nbsp;<a href=\"https:\/\/www.fozcanis.pt\/2016\/hospital\/estagios\/\" class=\"read-more\">Continue Reading<\/a>","protected":false},"author":6,"featured_media":0,"parent":1797,"menu_order":0,"comment_status":"closed","ping_status":"closed","template":"","meta":{"footnotes":""},"class_list":["post-2090","page","type-page","status-publish","hentry"],"_links":{"self":[{"href":"https:\/\/www.fozcanis.pt\/2016\/wp-json\/wp\/v2\/pages\/2090","targetHints":{"allow":["GET"]}}],"collection":[{"href":"https:\/\/www.fozcanis.pt\/2016\/wp-json\/wp\/v2\/pages"}],"about":[{"href":"https:\/\/www.fozcanis.pt\/2016\/wp-json\/wp\/v2\/types\/page"}],"author":[{"embeddable":true,"href":"https:\/\/www.fozcanis.pt\/2016\/wp-json\/wp\/v2\/users\/6"}],"replies":[{"embeddable":true,"href":"https:\/\/www.fozcanis.pt\/2016\/wp-json\/wp\/v2\/comments?post=2090"}],"version-history":[{"count":6,"href":"https:\/\/www.fozcanis.pt\/2016\/wp-json\/wp\/v2\/pages\/2090\/revisions"}],"predecessor-version":[{"id":3432,"href":"https:\/\/www.fozcanis.pt\/2016\/wp-json\/wp\/v2\/pages\/2090\/revisions\/3432"}],"up":[{"embeddable":true,"href":"https:\/\/www.fozcanis.pt\/2016\/wp-json\/wp\/v2\/pages\/1797"}],"wp:attachment":[{"href":"https:\/\/www.fozcanis.pt\/2016\/wp-json\/wp\/v2\/media?parent=2090"}],"curies":[{"name":"wp","href":"https:\/\/api.w.org\/{rel}","templated":true}]}}