{"id":2171,"date":"2016-04-14T10:50:28","date_gmt":"2016-04-14T10:50:28","guid":{"rendered":"http:\/\/www.fozcanis.pt\/2016\/?page_id=2171"},"modified":"2016-09-26T09:00:35","modified_gmt":"2016-09-26T09:00:35","slug":"casos-clinicos","status":"publish","type":"page","link":"https:\/\/www.fozcanis.pt\/2016\/informacoes\/casos-clinicos\/","title":{"rendered":"Casos Cl\u00ednicos"},"content":{"rendered":"<p>Embora n\u00e3o existam especialidades veterin\u00e1rias reconhecidas oficialmente em Portugal, o <em><b>FozCanis<\/b><\/em> possui uma equipa multidisciplinar, com elementos que se interessam e dedicam particularmente \u00e0s v\u00e1rias \u00e1reas da medicina veterin\u00e1ria.<br \/>\nDesta forma todos os elementos t\u00eam tido nos \u00faltimos anos uma participa\u00e7\u00e3o activa em congressos reconhecidos a n\u00edvel nacional e internacional, elaborando regularmente trabalhos cient\u00edficos que t\u00eam por base casos cl\u00ednicos de elevado interesse e complexidade acompanhados no nosso Hospital.<br \/>\nPartilhamos de seguida alguns desses trabalhos.<\/p>\n<p class=\"itemfulltext\" style=\"text-align: justify;\"><a href=\"http:\/\/www.fozcanis.pt\/assets\/files\/VAP%20em%20quimioterapia.pdf.pdf\" target=\"_blank\">-&gt;VAP em quimioterapia<\/a><br \/>\n<a href=\"http:\/\/www.fozcanis.pt\/assets\/files\/Intussuscepcao%20jejuno-jejunal.pdf.pdf\" target=\"_blank\">-&gt;Intussuscep\u00e7\u00e3o jejuno-jejunal<br \/>\n<a href=\"http:\/\/www.fozcanis.pt\/assets\/files\/Tumor%20pulmonar.pdf.pdf\" target=\"_blank\">-&gt;Tumor pulmonar prim\u00e1rio<\/a><\/p>\n","protected":false},"excerpt":{"rendered":"Embora n\u00e3o existam especialidades veterin\u00e1rias reconhecidas oficialmente em Portugal, o FozCanis possui uma equipa multidisciplinar, com elementos que se interessam e dedicam particularmente \u00e0s v\u00e1rias \u00e1reas da medicina veterin\u00e1ria. Desta forma todos os elementos t\u00eam tido nos \u00faltimos anos uma participa\u00e7\u00e3o activa em congressos reconhecidos a n\u00edvel nacional e internacional, elaborando regularmente trabalhos cient\u00edficos que t\u00eam por base casos cl\u00ednicos&nbsp;<a href=\"https:\/\/www.fozcanis.pt\/2016\/informacoes\/casos-clinicos\/\" class=\"read-more\">Continue Reading<\/a>","protected":false},"author":6,"featured_media":0,"parent":2179,"menu_order":0,"comment_status":"closed","ping_status":"closed","template":"","meta":{"footnotes":""},"class_list":["post-2171","page","type-page","status-publish","hentry"],"_links":{"self":[{"href":"https:\/\/www.fozcanis.pt\/2016\/wp-json\/wp\/v2\/pages\/2171","targetHints":{"allow":["GET"]}}],"collection":[{"href":"https:\/\/www.fozcanis.pt\/2016\/wp-json\/wp\/v2\/pages"}],"about":[{"href":"https:\/\/www.fozcanis.pt\/2016\/wp-json\/wp\/v2\/types\/page"}],"author":[{"embeddable":true,"href":"https:\/\/www.fozcanis.pt\/2016\/wp-json\/wp\/v2\/users\/6"}],"replies":[{"embeddable":true,"href":"https:\/\/www.fozcanis.pt\/2016\/wp-json\/wp\/v2\/comments?post=2171"}],"version-history":[{"count":9,"href":"https:\/\/www.fozcanis.pt\/2016\/wp-json\/wp\/v2\/pages\/2171\/revisions"}],"predecessor-version":[{"id":3205,"href":"https:\/\/www.fozcanis.pt\/2016\/wp-json\/wp\/v2\/pages\/2171\/revisions\/3205"}],"up":[{"embeddable":true,"href":"https:\/\/www.fozcanis.pt\/2016\/wp-json\/wp\/v2\/pages\/2179"}],"wp:attachment":[{"href":"https:\/\/www.fozcanis.pt\/2016\/wp-json\/wp\/v2\/media?parent=2171"}],"curies":[{"name":"wp","href":"https:\/\/api.w.org\/{rel}","templated":true}]}}