{"id":2190,"date":"2016-04-14T11:06:08","date_gmt":"2016-04-14T11:06:08","guid":{"rendered":"http:\/\/www.fozcanis.pt\/2016\/?page_id=2190"},"modified":"2016-09-16T11:29:25","modified_gmt":"2016-09-16T11:29:25","slug":"ossos","status":"publish","type":"page","link":"https:\/\/www.fozcanis.pt\/2016\/informacoes\/geral\/ossos\/","title":{"rendered":"Ossos"},"content":{"rendered":"<p class=\"itemIntroText\">\u00c9 muito frequente os donos oferecerem aos seus c\u00e3es e gatos ossos de galinha, costeleta de porco, ossos de vaca ou de coelho pensando que s\u00e3o bons para os seus animais de estima\u00e7\u00e3o. Na realidade, o acto de roer proporciona prazer aos carn\u00edvoros e \u00e9 uma forma de suprir car\u00eancias minerais, contudo, dever\u00e1 ter em conta que os ossos podem causar les\u00f5es graves aos animais podendo inclusive levar \u00e0 morte.<\/p>\n<div class=\"itemFullText\">\n<p>Ossos pequenos, como os de galinha, frango, coelho e costeleta de porco, podem partir-se em lascas e formar pontas afiadas. Estas lascas ao passar no aparelho digestivo (boca, es\u00f3fago, est\u00f4mago e intestino) podem espetar-se na mucosa e causar sangramento ou at\u00e9 perfurar a parede g\u00e1strica\/intestinal conduzindo \u00e0 morte do animal. Fragmentos maiores podem obstruir o aparelho digestivo e eventualmente o animal pode morrer se o problema n\u00e3o for resolvido atempadamente.Os animais podem inclusive morrer asfixiados caso ocorra um falso trajecto do osso para a parte respirat\u00f3ria.<\/p>\n<p>H\u00e1 quem pense que os ossos s\u00e3o um alimento para os animais, mas na realidade estes n\u00e3o t\u00eam nutrientes suficientes para um desenvolvimento saud\u00e1vel do seu animal.<\/p>\n<p>Desaconselhamos totalmente o fornecimento de ossos de animais ao seu c\u00e3o. \u00c9 prefer\u00edvel optar por ossos de couro ou snacks para os dentes para manter o seu animal entretido.<\/p>\n<p>E lembre-se, quando estiver num churrasco acompanhado do seu c\u00e3o, n\u00e3o d\u00ea e <strong>n\u00e3o deixe que ningu\u00e9m ofere\u00e7a ossos ao seu animal<\/strong>. Todo o cuidado \u00e9 pouco, pois ele vai procurar a todo o custo at\u00e9 achar um osso perdido, e isso <strong>poder\u00e1 ser fatal<\/strong>.<\/p>\n<\/div>\n","protected":false},"excerpt":{"rendered":"\u00c9 muito frequente os donos oferecerem aos seus c\u00e3es e gatos ossos de galinha, costeleta de porco, ossos de vaca ou de coelho pensando que s\u00e3o bons para os seus animais de estima\u00e7\u00e3o. Na realidade, o acto de roer proporciona prazer aos carn\u00edvoros e \u00e9 uma forma de suprir car\u00eancias minerais, contudo, dever\u00e1 ter em conta que os ossos podem&nbsp;<a href=\"https:\/\/www.fozcanis.pt\/2016\/informacoes\/geral\/ossos\/\" class=\"read-more\">Continue Reading<\/a>","protected":false},"author":6,"featured_media":0,"parent":2180,"menu_order":0,"comment_status":"closed","ping_status":"closed","template":"page-fullwidth.php","meta":{"footnotes":""},"class_list":["post-2190","page","type-page","status-publish","hentry"],"_links":{"self":[{"href":"https:\/\/www.fozcanis.pt\/2016\/wp-json\/wp\/v2\/pages\/2190","targetHints":{"allow":["GET"]}}],"collection":[{"href":"https:\/\/www.fozcanis.pt\/2016\/wp-json\/wp\/v2\/pages"}],"about":[{"href":"https:\/\/www.fozcanis.pt\/2016\/wp-json\/wp\/v2\/types\/page"}],"author":[{"embeddable":true,"href":"https:\/\/www.fozcanis.pt\/2016\/wp-json\/wp\/v2\/users\/6"}],"replies":[{"embeddable":true,"href":"https:\/\/www.fozcanis.pt\/2016\/wp-json\/wp\/v2\/comments?post=2190"}],"version-history":[{"count":3,"href":"https:\/\/www.fozcanis.pt\/2016\/wp-json\/wp\/v2\/pages\/2190\/revisions"}],"predecessor-version":[{"id":3348,"href":"https:\/\/www.fozcanis.pt\/2016\/wp-json\/wp\/v2\/pages\/2190\/revisions\/3348"}],"up":[{"embeddable":true,"href":"https:\/\/www.fozcanis.pt\/2016\/wp-json\/wp\/v2\/pages\/2180"}],"wp:attachment":[{"href":"https:\/\/www.fozcanis.pt\/2016\/wp-json\/wp\/v2\/media?parent=2190"}],"curies":[{"name":"wp","href":"https:\/\/api.w.org\/{rel}","templated":true}]}}