{"id":2192,"date":"2016-04-14T11:06:44","date_gmt":"2016-04-14T11:06:44","guid":{"rendered":"http:\/\/www.fozcanis.pt\/2016\/?page_id=2192"},"modified":"2016-09-16T11:32:45","modified_gmt":"2016-09-16T11:32:45","slug":"alimentos-que-nao-deve-dar-ao-seu-cao-gato","status":"publish","type":"page","link":"https:\/\/www.fozcanis.pt\/2016\/informacoes\/geral\/alimentos-que-nao-deve-dar-ao-seu-cao-gato\/","title":{"rendered":"Alimentos que n\u00e3o deve dar ao seu c\u00e3o \/ gato"},"content":{"rendered":"<p class=\"itemIntroText\">Existem v\u00e1rios alimentos que n\u00e3o s\u00e3o seguros para o seu animal de estima\u00e7\u00e3o. Dever\u00e1 entender que, mesmo sendo seguro para si comer um determinado alimento, isto n\u00e3o significa que o seu animal deve comer dele tamb\u00e9m.<\/p>\n<p class=\"itemFullText\">Alguns dos alimentos de humanos mais comuns que s\u00e3o t\u00f3xicos para os c\u00e3es (e alguns para gatos) s\u00e3o:<\/p>\n<p class=\"itemFullText\"><strong>CHOCOLATE<\/strong> - cont\u00e9m teobromina, um alcal\u00f3ide que \u00e9 t\u00f3xico e pode ser fatal dependendo da qualidade do chocolate, quantidade ingerida e peso do animal (<a href=\"http:\/\/www.fozcanis.pt\/2016\/informacoes\/geral\/intoxicacao-por-chocolate\/\">saiba mais em \"intoxica\u00e7\u00e3o por chocolate\"<\/a>).<\/p>\n<p class=\"itemFullText\"><strong>CAFE\u00cdNA<\/strong> (caf\u00e9, ch\u00e1s, refrigerantes) - tem o mesmo efeito que a teobromina presente no chocolate, sendo igualmente t\u00f3xico e at\u00e9 mesmo fatal.<\/p>\n<p class=\"itemFullText\"><strong>\u00c1LCOOL<\/strong> - assim como nos humanos, as bebidas alco\u00f3licas podem causar v\u00f3mitos, diarreia, incoordena\u00e7\u00e3o motora, dispneia (dificuldade respirat\u00f3ria), coma e morte.<\/p>\n<p class=\"itemFullText\"><strong>CEBOLA<\/strong> e <strong>ALHO<\/strong> - de todos os modos: secos, frescos, cozidos... Cont\u00e9m tiosulfato que irrita o tracto gastrointestinal do c\u00e3o e pode causar anemia por destrui\u00e7\u00e3o dos gl\u00f3bulos vermelhos.<\/p>\n<p class=\"itemFullText\"><strong>LEITE<\/strong> - os c\u00e3es t\u00eam dificuldade em digerir a lactose (a\u00e7\u00facar do leite) pelo que o consumo de leite (principalmente de vaca) pode causar diarreia.<\/p>\n<p class=\"itemFullText\"><strong>CARNE<\/strong> e <strong>OVOS CR\u00daS<\/strong> - podem conter bact\u00e9rias (Salmonella, E. coli) muitas vezes associadas a gastroenterites por vezes fatais. Os ovos crus est\u00e3o tamb\u00e9m associados a problemas de pele.<\/p>\n<p class=\"itemFullText\"><strong>UVAS<\/strong> e <strong>UVAS<\/strong> <strong>PASSAS<\/strong> - podem causar insufici\u00eancia renal nos animais de companhia. N\u00e3o se sabe qual a subst\u00e2ncia das uvas que causa estes efeitos, no entanto deve evit\u00e1-las bem como os biscoitos e bolos que as cont\u00eam.<\/p>\n<p class=\"itemFullText\"><strong>ABACATE<\/strong> - cont\u00e9m uma subst\u00e2ncia chamada persina que pode causar v\u00f3mitos, diarreia e altera\u00e7\u00f5es card\u00edacas.<\/p>\n<p class=\"itemFullText\"><strong>FERMENTO<\/strong> - presente em massas de bolos e p\u00e3es que se ingeridas em cru continuam a crescer no est\u00f4mago do animal formando gases e complica\u00e7\u00f5es digestivas<\/p>\n<p class=\"itemFullText\"><strong>OSSOS<\/strong> - podem provocar lacera\u00e7\u00f5es gengivais, fractura de dentes, obstru\u00e7\u00e3o traqueal (sufocar), lacera\u00e7\u00f5es digestivas com sangramento ou at\u00e9 perfura\u00e7\u00e3o intestinal.<\/p>\n<p class=\"itemFullText\"><strong>XILITOL<\/strong> - presente em pastilhas, rebu\u00e7ados, pastas de dentes, doces... Pode causar fal\u00eancia hep\u00e1tica, v\u00f3mitos, letargia e descoordena\u00e7\u00e3o.<br \/>\nIdealmente dever\u00e1 dar ao seu animal uma dieta saud\u00e1vel e equilibrada, \u00e0 base de ra\u00e7\u00e3o de qualidade.<\/p>\n<p class=\"itemFullText\">Exercite regularmente o seu animal e evite os \"extras\" na alimenta\u00e7\u00e3o.<\/p>\n<p class=\"itemFullText\">Fa\u00e7a visitas regulares ao seu veterin\u00e1rio para controlo de peso do seu animal.<\/p>\n<p class=\"itemFullText\">Caso o seu animal demonstre sinais de intoxica\u00e7\u00e3o, contacte o seu m\u00e9dico veterin\u00e1rio de imediato pois a demora pode ser fatal!<\/p>\n","protected":false},"excerpt":{"rendered":"Existem v\u00e1rios alimentos que n\u00e3o s\u00e3o seguros para o seu animal de estima\u00e7\u00e3o. Dever\u00e1 entender que, mesmo sendo seguro para si comer um determinado alimento, isto n\u00e3o significa que o seu animal deve comer dele tamb\u00e9m. Alguns dos alimentos de humanos mais comuns que s\u00e3o t\u00f3xicos para os c\u00e3es (e alguns para gatos) s\u00e3o: CHOCOLATE - cont\u00e9m teobromina, um alcal\u00f3ide&nbsp;<a href=\"https:\/\/www.fozcanis.pt\/2016\/informacoes\/geral\/alimentos-que-nao-deve-dar-ao-seu-cao-gato\/\" class=\"read-more\">Continue Reading<\/a>","protected":false},"author":6,"featured_media":0,"parent":2180,"menu_order":0,"comment_status":"closed","ping_status":"closed","template":"page-fullwidth.php","meta":{"footnotes":""},"class_list":["post-2192","page","type-page","status-publish","hentry"],"_links":{"self":[{"href":"https:\/\/www.fozcanis.pt\/2016\/wp-json\/wp\/v2\/pages\/2192","targetHints":{"allow":["GET"]}}],"collection":[{"href":"https:\/\/www.fozcanis.pt\/2016\/wp-json\/wp\/v2\/pages"}],"about":[{"href":"https:\/\/www.fozcanis.pt\/2016\/wp-json\/wp\/v2\/types\/page"}],"author":[{"embeddable":true,"href":"https:\/\/www.fozcanis.pt\/2016\/wp-json\/wp\/v2\/users\/6"}],"replies":[{"embeddable":true,"href":"https:\/\/www.fozcanis.pt\/2016\/wp-json\/wp\/v2\/comments?post=2192"}],"version-history":[{"count":5,"href":"https:\/\/www.fozcanis.pt\/2016\/wp-json\/wp\/v2\/pages\/2192\/revisions"}],"predecessor-version":[{"id":3351,"href":"https:\/\/www.fozcanis.pt\/2016\/wp-json\/wp\/v2\/pages\/2192\/revisions\/3351"}],"up":[{"embeddable":true,"href":"https:\/\/www.fozcanis.pt\/2016\/wp-json\/wp\/v2\/pages\/2180"}],"wp:attachment":[{"href":"https:\/\/www.fozcanis.pt\/2016\/wp-json\/wp\/v2\/media?parent=2192"}],"curies":[{"name":"wp","href":"https:\/\/api.w.org\/{rel}","templated":true}]}}