{"id":2194,"date":"2016-04-14T11:07:08","date_gmt":"2016-04-14T11:07:08","guid":{"rendered":"http:\/\/www.fozcanis.pt\/2016\/?page_id=2194"},"modified":"2016-09-16T13:03:28","modified_gmt":"2016-09-16T13:03:28","slug":"leptospirose","status":"publish","type":"page","link":"https:\/\/www.fozcanis.pt\/2016\/informacoes\/geral\/leptospirose\/","title":{"rendered":"Leptospirose"},"content":{"rendered":"<div class=\"itemFullText\">\n<p><strong>O que \u00e9:<\/strong><\/p>\n<ul>\n<li class=\"firstItem\">A Leptospirose \u00e9 uma doen\u00e7a causada por uma bact\u00e9ria com forma em espiral denominada leptospira.<\/li>\n<li class=\"lastItem\">Pode atingir animais de companhia (e.g. c\u00e3o e gato) e tamb\u00e9m humanos (inicialmente assemelha-se a uma simples gripe mas pode desenvolver uma forma mais severa e potencialmente fatal).<\/li>\n<\/ul>\n<p><strong>Como se d\u00e1 a infec\u00e7\u00e3o: <\/strong><\/p>\n<ul>\n<li class=\"firstItem\">As bact\u00e9rias s\u00e3o dispersas na urina dos animais infectados contaminando a \u00e1gua ou o solo, podendo sobreviver no mesmo local durante semanas a meses.<\/li>\n<li>Tanto humanos como animais podem ficar infectados atrav\u00e9s do contacto com a urina contaminada (ou outros fluidos corporais, \u00e0 excep\u00e7\u00e3o da saliva), \u00e1gua ou solo. A entrada no organismo pode dar-se atrav\u00e9s da pele ou das mucosas (conjuntival, nasal ou oral), especialmente se existir alguma ferida aberta (e.g. arranh\u00f5es ou cortes). A ingest\u00e3o de \u00e1gua contaminada \u00e9 tamb\u00e9m uma potencial forma de infec\u00e7\u00e3o.<\/li>\n<li>O tempo entre o contacto com a bact\u00e9ria e o desenvolvimento da doen\u00e7a ronda 1 a 2 semanas mas pode variar.<\/li>\n<li class=\"lastItem\">Os animais infectados podem continuar a libertar a bact\u00e9ria no meio ambiente esporadicamente ou at\u00e9 continuamente, durante alguns meses ou anos.<\/li>\n<\/ul>\n<p><strong>Os sinais cl\u00ednicos <\/strong>variam e s\u00e3o pouco espec\u00edficos, podendo ser assintom\u00e1tica em alguns animais. Os sinais cl\u00ednicos mais comuns s\u00e3o: febre, v\u00f3mito, dor abdominal, fraqueza, inapet\u00eancia, depress\u00e3o ou dor muscular. Geralmente os animais jovens s\u00e3o os mais afectados.<\/p>\n<p>Deve ser tratada com antibi\u00f3ticos, e quanto mais cedo for iniciada a terapia, menor ser\u00e1 o dano a n\u00edvel org\u00e2nico e mais r\u00e1pido ser\u00e1 o recobro.<\/p>\n<p><strong>Como se proteger a si e aos outros: <\/strong><\/p>\n<p>O risco do seu animal lhe transmitir leptospirose \u00e9 geralmente considerado baixo. Pensa-se que o principal modo de transmiss\u00e3o desta doen\u00e7a para humanos seja atrav\u00e9s do contacto directo ou indirecto com tecidos, \u00f3rg\u00e3os ou urinas dos animais contaminados pelo que deve:<\/p>\n<ul>\n<li class=\"firstItem\">Ter especial cuidado na manipula\u00e7\u00e3o destes produtos org\u00e2nicos, utilizando equipamento protector (e.g. luvas)<\/li>\n<li>Lavar sempre as m\u00e3os ap\u00f3s manipular o seu animal ou quando tenha estado em contacto com as suas excre\u00e7\u00f5es;<\/li>\n<li>Garantir que o seu animal cumpre o esquema terap\u00eautico elaborado pelo seu m\u00e9dico veterin\u00e1rio;<\/li>\n<li class=\"lastItem\">Desinfectar as superf\u00edcies com uma solu\u00e7\u00e3o com lix\u00edvia dilu\u00edda.<\/li>\n<\/ul>\n<p>N\u00e3o hesite em contactar o seu veterin\u00e1rio e m\u00e9dico de fam\u00edlia caso tenha alguma d\u00favida sobre uma poss\u00edvel exposi\u00e7\u00e3o a um animal infectado e\/ou sobre o desenvolvimento de sintomas como febre, dor muscular e\/ou cefaleias (dores de cabe\u00e7a).<\/p>\n<p><strong>Como posso prevenir que o meu animal apanhe leptospirose?<\/strong><\/p>\n<ul>\n<li class=\"firstItem\">Controle os roedores, uma vez que podem transportar e espalhar a bact\u00e9ria.<\/li>\n<li>Vacine o seu animal contra a leptospirose! (pois apesar de n\u00e3o conferir uma protec\u00e7\u00e3o a 100% - pois existem v\u00e1rias estirpes de leptospirose - as estirpes contempladas na vacina s\u00e3o geralmente as mais frequentes).<\/li>\n<\/ul>\n<\/div>\n","protected":false},"excerpt":{"rendered":"O que \u00e9: A Leptospirose \u00e9 uma doen\u00e7a causada por uma bact\u00e9ria com forma em espiral denominada leptospira. Pode atingir animais de companhia (e.g. c\u00e3o e gato) e tamb\u00e9m humanos (inicialmente assemelha-se a uma simples gripe mas pode desenvolver uma forma mais severa e potencialmente fatal). Como se d\u00e1 a infec\u00e7\u00e3o: As bact\u00e9rias s\u00e3o dispersas na urina dos animais infectados&nbsp;<a href=\"https:\/\/www.fozcanis.pt\/2016\/informacoes\/geral\/leptospirose\/\" class=\"read-more\">Continue Reading<\/a>","protected":false},"author":6,"featured_media":0,"parent":2180,"menu_order":0,"comment_status":"closed","ping_status":"closed","template":"page-fullwidth.php","meta":{"footnotes":""},"class_list":["post-2194","page","type-page","status-publish","hentry"],"_links":{"self":[{"href":"https:\/\/www.fozcanis.pt\/2016\/wp-json\/wp\/v2\/pages\/2194","targetHints":{"allow":["GET"]}}],"collection":[{"href":"https:\/\/www.fozcanis.pt\/2016\/wp-json\/wp\/v2\/pages"}],"about":[{"href":"https:\/\/www.fozcanis.pt\/2016\/wp-json\/wp\/v2\/types\/page"}],"author":[{"embeddable":true,"href":"https:\/\/www.fozcanis.pt\/2016\/wp-json\/wp\/v2\/users\/6"}],"replies":[{"embeddable":true,"href":"https:\/\/www.fozcanis.pt\/2016\/wp-json\/wp\/v2\/comments?post=2194"}],"version-history":[{"count":2,"href":"https:\/\/www.fozcanis.pt\/2016\/wp-json\/wp\/v2\/pages\/2194\/revisions"}],"predecessor-version":[{"id":3352,"href":"https:\/\/www.fozcanis.pt\/2016\/wp-json\/wp\/v2\/pages\/2194\/revisions\/3352"}],"up":[{"embeddable":true,"href":"https:\/\/www.fozcanis.pt\/2016\/wp-json\/wp\/v2\/pages\/2180"}],"wp:attachment":[{"href":"https:\/\/www.fozcanis.pt\/2016\/wp-json\/wp\/v2\/media?parent=2194"}],"curies":[{"name":"wp","href":"https:\/\/api.w.org\/{rel}","templated":true}]}}