{"id":220,"date":"2012-01-18T17:03:20","date_gmt":"2012-01-18T17:03:20","guid":{"rendered":"http:\/\/192.168.9.29\/Development\/TB\/?page_id=220"},"modified":"2018-11-19T15:33:22","modified_gmt":"2018-11-19T15:33:22","slug":"historico","status":"publish","type":"page","link":"https:\/\/www.fozcanis.pt\/2016\/hospital\/historico\/","title":{"rendered":"Hist\u00f3rico"},"content":{"rendered":"<figure class=\"frame thumbnail alignleft clearfix\"><img decoding=\"async\" src=\"http:\/\/www.fozcanis.pt\/novo\/images\/IMGP3812.JPG\" alt=\"fozcanis\" border=\"0\" \/><\/figure>\n<p>O\u00a0<em><strong>FozCanis-Hospital Veterin\u00e1rio da Figueira da Foz<\/strong><\/em> \u00e9 uma unidade de cuidados m\u00e9dico-veterin\u00e1rios que abriu portas ao p\u00fablico em Junho de 2002.<\/p>\n<p>Esta estrutura surgiu em resposta \u00e0 necessidade dos propriet\u00e1rios de animais de companhia que cada vez mais exigiam um servi\u00e7o m\u00e9dico-veterin\u00e1rio de qualidade, acompanhado de carinho e compaix\u00e3o pelos seus animais.<\/p>\n<p>Mais tarde a ger\u00eancia do <em>FozCanis<\/em>\u00a0 reestruturou esta unidade equipando-a com meios humanos e materiais para passar a disponibilizar os servi\u00e7os de um hospital.<\/p>\n<p>Em 2011 e tamb\u00e9m em 2015, a imagem institucional do <em>FozCanis<\/em> foi modernizada para melhor se adaptar \u00e0 din\u00e2mica do mercado e \u00e0s exig\u00eancias dos seus clientes.<\/p>\n<p>Mais recentemente, em 2018, abrimos portas \u00e0 comunidade de Montemor-o-Velho inaugurando a <strong><em>CanisMor<\/em><\/strong><b><em> - <\/em><i>Cl\u00ednica Veterin\u00e1ria de Montemor-o-Velho<\/i><\/b>, em Quinhendros.<\/p>\n","protected":false},"excerpt":{"rendered":"O\u00a0FozCanis-Hospital Veterin\u00e1rio da Figueira da Foz \u00e9 uma unidade de cuidados m\u00e9dico-veterin\u00e1rios que abriu portas ao p\u00fablico em Junho de 2002. Esta estrutura surgiu em resposta \u00e0 necessidade dos propriet\u00e1rios de animais de companhia que cada vez mais exigiam um servi\u00e7o m\u00e9dico-veterin\u00e1rio de qualidade, acompanhado de carinho e compaix\u00e3o pelos seus animais. Mais tarde a ger\u00eancia do FozCanis\u00a0 reestruturou esta&nbsp;<a href=\"https:\/\/www.fozcanis.pt\/2016\/hospital\/historico\/\" class=\"read-more\">Continue Reading<\/a>","protected":false},"author":6,"featured_media":0,"parent":1797,"menu_order":0,"comment_status":"open","ping_status":"closed","template":"","meta":{"footnotes":""},"class_list":["post-220","page","type-page","status-publish","hentry"],"_links":{"self":[{"href":"https:\/\/www.fozcanis.pt\/2016\/wp-json\/wp\/v2\/pages\/220","targetHints":{"allow":["GET"]}}],"collection":[{"href":"https:\/\/www.fozcanis.pt\/2016\/wp-json\/wp\/v2\/pages"}],"about":[{"href":"https:\/\/www.fozcanis.pt\/2016\/wp-json\/wp\/v2\/types\/page"}],"author":[{"embeddable":true,"href":"https:\/\/www.fozcanis.pt\/2016\/wp-json\/wp\/v2\/users\/6"}],"replies":[{"embeddable":true,"href":"https:\/\/www.fozcanis.pt\/2016\/wp-json\/wp\/v2\/comments?post=220"}],"version-history":[{"count":10,"href":"https:\/\/www.fozcanis.pt\/2016\/wp-json\/wp\/v2\/pages\/220\/revisions"}],"predecessor-version":[{"id":3553,"href":"https:\/\/www.fozcanis.pt\/2016\/wp-json\/wp\/v2\/pages\/220\/revisions\/3553"}],"up":[{"embeddable":true,"href":"https:\/\/www.fozcanis.pt\/2016\/wp-json\/wp\/v2\/pages\/1797"}],"wp:attachment":[{"href":"https:\/\/www.fozcanis.pt\/2016\/wp-json\/wp\/v2\/media?parent=220"}],"curies":[{"name":"wp","href":"https:\/\/api.w.org\/{rel}","templated":true}]}}