{"id":2200,"date":"2016-04-14T11:09:45","date_gmt":"2016-04-14T11:09:45","guid":{"rendered":"http:\/\/www.fozcanis.pt\/2016\/?page_id=2200"},"modified":"2016-09-16T11:17:30","modified_gmt":"2016-09-16T11:17:30","slug":"dirofilariose-canina","status":"publish","type":"page","link":"https:\/\/www.fozcanis.pt\/2016\/informacoes\/caes\/dirofilariose-canina\/","title":{"rendered":"Dirofilariose Canina"},"content":{"rendered":"<div class=\"itemIntroText\">\n<p>A dirofilariose ou \"verme do cora\u00e7\u00e3o\" \u00e9 uma doen\u00e7a causada por um parasita, denominado <em>Dirofilaria immitis<\/em>, transmitido atrav\u00e9s da picada de um mosquito culic\u00eddeo.<\/p>\n<\/div>\n<div class=\"itemFullText\">\n<p>Esta patologia afecta principalmente a esp\u00e9cie canina e \u00e9 comum em zonas quentes e temperadas, representando actualmente uma das doen\u00e7as parasit\u00e1rias dos c\u00e3es mais importantes da Peninsula Ib\u00e9rica. Em Portugal, algumas zonas t\u00eam uma preval\u00eancia significativa de Dirofilariose, como os distritos de Coimbra e Set\u00fabal.<\/p>\n<p>A dirofilariose afecta mais frequentemente animais com acesso ao exterior; contudo, mesmo uma simples sa\u00edda ao jardim pode revelar-se um risco de exposi\u00e7\u00e3o n\u00e3o s\u00f3 a mosquitos portadores de <em>Dirofilaria immitis<\/em> como a parasitas intestinais.<\/p>\n<p>&nbsp;<\/p>\n<p><img loading=\"lazy\" decoding=\"async\" src=\"http:\/\/www.fozcanis.pt\/assets\/images\/stories\/dscn1220-1.jpg\" alt=\"\" width=\"200\" height=\"150\" border=\"0\" \/> <img loading=\"lazy\" decoding=\"async\" src=\"http:\/\/www.fozcanis.pt\/assets\/images\/stories\/dscn1221.jpg\" alt=\"\" width=\"200\" height=\"150\" border=\"0\" \/><strong>\u00a0<\/strong><\/p>\n<p><strong>Ciclo de Vida<\/strong><\/p>\n<p>O ciclo de vida de <em>Dirofilaria immitis<\/em> inicia-se no momento em que o mosquito se alimenta do sangue de um animal portador de dirofilariose no qual circulam microfil\u00e1rias (formas imaturas do parasita). Durante 2 a 3 semanas, as microfil\u00e1rias desenvolvem-se em larvas no interior do mosquito. Ao perfurar a pele de um animal saud\u00e1vel, os mosquitos infectados depositam as larvas do parasita no sistema hemolinf\u00e1tico (1). As larvas migram para os tecidos subcut\u00e2neos e d\u00e3o origem a jovens adultos que se v\u00e3o alojar ao n\u00edvel das art\u00e9rias pulmonares e cora\u00e7\u00e3o, cerca de 4 meses p\u00f3s-infec\u00e7\u00e3o (2). Uma vez no cora\u00e7\u00e3o, os adultos podem atingir 20cm de comprimento e causar danos card\u00edacos e pulmonares severos. As f\u00eameas adultas libertam as microfil\u00e1rias na circula\u00e7\u00e3o sangu\u00ednea, ficando dispon\u00edveis para infectar mosquitos que se alimentem no animal infectado, come\u00e7ando novamente o ciclo (3).<\/p>\n<p>Os parasitas adultos podem sobreviver entre 5 a 7 anos no cora\u00e7\u00e3o do seu c\u00e3o!<\/p>\n<p>&nbsp;<\/p>\n<p><strong>Consequ\u00eancias<\/strong><\/p>\n<p>As principais consequ\u00eancias da Dirofilariose resultam da localiza\u00e7\u00e3o dos parasitas adultos, da resposta imunit\u00e1ria do hospedeiro e das localiza\u00e7\u00f5es err\u00e1ticas das larvas em migra\u00e7\u00e3o (como hipertens\u00e3o, insufici\u00eancia card\u00edaca, altera\u00e7\u00f5es hep\u00e1ticas e renais, entre outras).<\/p>\n<p>O grau de infec\u00e7\u00e3o, o tempo que passou desde que o animal se infectou e a resposta individual do animal \u00e0 infec\u00e7\u00e3o determinam a severidade dos sinais cl\u00ednicos apresentados, como: tosse, prostra\u00e7\u00e3o, perda de peso e dificuldade respirat\u00f3ria.<\/p>\n<p><strong>O DIAGN\u00d3STICO DA DIROFILARIOSE PASSA POR UMA SIMPLES AN\u00c1LISE AO SANGUE ! !<\/strong><\/p>\n<p><strong>\u00a0<\/strong><\/p>\n<p><strong>Tratamento<\/strong><\/p>\n<p>A Dirofilariose tem cura mas o tratamento \u00e9 geralmente dispendioso e potencialmente perigoso uma vez que envolve a morte dos parasitas adultos do cora\u00e7\u00e3o e pulm\u00f5es do animal. Como o tratamento \u00e9 arriscado e requer v\u00e1rias injec\u00e7\u00f5es dolorosas, os animais com Dirofilariose devem ser tratados com assist\u00eancia m\u00e9dico-veterin\u00e1ria. \u00c9 necess\u00e1rio repouso absoluto durante o tratamento ! !<\/p>\n<p>&nbsp;<\/p>\n<p><strong>Se deixada sem tratamento, A DIROFILARIOSE PODE SER FATAL !<\/strong><\/p>\n<p><strong>\u00a0<\/strong><\/p>\n<p>A melhor maneira de combater a Dirofilariose \u00e9 atrav\u00e9s da preven\u00e7\u00e3o !<\/p>\n<p>&nbsp;<\/p>\n<p><strong>Preven\u00e7\u00e3o<\/strong><\/p>\n<p>Ao contr\u00e1rio do tratamento, a preven\u00e7\u00e3o da Dirofilariose \u00e9 segura, simples e eficaz. Contudo, antes de ser iniciado qualquer medica\u00e7\u00e3o profil\u00e1tica, o seu c\u00e3o deve ser testado para a presen\u00e7a de <em>Dirofilaria immitis<\/em>. Os animais infectados t\u00eam de ser tratados (contra os parasitas adultos e as microfil\u00e1rias) antes de poderem iniciar o programa de preven\u00e7\u00e3o.<\/p>\n<p>A preven\u00e7\u00e3o da Dirofilariose \u00e9 geralmente feita durante todo o ano. Uma vantagem adicional \u00e9 que a maioria dos f\u00e1rmacos preventivos para a Dirofilariose s\u00e3o igualmente eficazes contra todos os parasitas gastrointestinais comuns do c\u00e3o, assegurando uma protec\u00e7\u00e3o completa para o seu animal.<\/p>\n<p>Aconselhe-se com o seu m\u00e9dico veterin\u00e1rio sobre como fazer a preven\u00e7\u00e3o uma vez que, atrav\u00e9s do uso correcto da medica\u00e7\u00e3o preventiva (sem interrup\u00e7\u00f5es), a Dirofilariose pode ser TOTALMENTE prevenida!<\/p>\n<p>&nbsp;<\/p>\n<p><strong>N\u00e3o hesite em esclarecer qualquer d\u00favida com o seu m\u00e9dico veterin\u00e1rio.<\/strong><\/p>\n<\/div>\n","protected":false},"excerpt":{"rendered":"A dirofilariose ou \"verme do cora\u00e7\u00e3o\" \u00e9 uma doen\u00e7a causada por um parasita, denominado Dirofilaria immitis, transmitido atrav\u00e9s da picada de um mosquito culic\u00eddeo. Esta patologia afecta principalmente a esp\u00e9cie canina e \u00e9 comum em zonas quentes e temperadas, representando actualmente uma das doen\u00e7as parasit\u00e1rias dos c\u00e3es mais importantes da Peninsula Ib\u00e9rica. Em Portugal, algumas zonas t\u00eam uma preval\u00eancia significativa&nbsp;<a href=\"https:\/\/www.fozcanis.pt\/2016\/informacoes\/caes\/dirofilariose-canina\/\" class=\"read-more\">Continue Reading<\/a>","protected":false},"author":6,"featured_media":0,"parent":2235,"menu_order":0,"comment_status":"closed","ping_status":"closed","template":"page-fullwidth.php","meta":{"footnotes":""},"class_list":["post-2200","page","type-page","status-publish","hentry"],"_links":{"self":[{"href":"https:\/\/www.fozcanis.pt\/2016\/wp-json\/wp\/v2\/pages\/2200","targetHints":{"allow":["GET"]}}],"collection":[{"href":"https:\/\/www.fozcanis.pt\/2016\/wp-json\/wp\/v2\/pages"}],"about":[{"href":"https:\/\/www.fozcanis.pt\/2016\/wp-json\/wp\/v2\/types\/page"}],"author":[{"embeddable":true,"href":"https:\/\/www.fozcanis.pt\/2016\/wp-json\/wp\/v2\/users\/6"}],"replies":[{"embeddable":true,"href":"https:\/\/www.fozcanis.pt\/2016\/wp-json\/wp\/v2\/comments?post=2200"}],"version-history":[{"count":5,"href":"https:\/\/www.fozcanis.pt\/2016\/wp-json\/wp\/v2\/pages\/2200\/revisions"}],"predecessor-version":[{"id":3342,"href":"https:\/\/www.fozcanis.pt\/2016\/wp-json\/wp\/v2\/pages\/2200\/revisions\/3342"}],"up":[{"embeddable":true,"href":"https:\/\/www.fozcanis.pt\/2016\/wp-json\/wp\/v2\/pages\/2235"}],"wp:attachment":[{"href":"https:\/\/www.fozcanis.pt\/2016\/wp-json\/wp\/v2\/media?parent=2200"}],"curies":[{"name":"wp","href":"https:\/\/api.w.org\/{rel}","templated":true}]}}