{"id":2204,"date":"2016-04-14T11:11:30","date_gmt":"2016-04-14T11:11:30","guid":{"rendered":"http:\/\/www.fozcanis.pt\/2016\/?page_id=2204"},"modified":"2016-09-16T13:11:34","modified_gmt":"2016-09-16T13:11:34","slug":"rodenticidas-veneno-de-ratos","status":"publish","type":"page","link":"https:\/\/www.fozcanis.pt\/2016\/informacoes\/geral\/rodenticidas-veneno-de-ratos\/","title":{"rendered":"RODENTICIDAS &#8211; Veneno de ratos"},"content":{"rendered":"<p class=\"itemIntroText\">Os rodenticidas (ou dicumar\u00ednicos), vulgarmente conhecidos como veneno para ratos, s\u00e3o subst\u00e2ncias potencialmente fatais para um animal de estima\u00e7\u00e3o.<\/p>\n<div class=\"itemFullText\">\n<p>A exposi\u00e7\u00e3o ao veneno ocorre mais frequentemente por ingest\u00e3o directa, pois \u00e9 muito comum as pessoas colocarem as \"pastilhas\" ao redor da casa ou jardim dentro de peda\u00e7os de comida (carnes, queijo, frutas...), iscos que sejam atractivos para os ratos e que por consequ\u00eancia tamb\u00e9m o s\u00e3o para os c\u00e3es e gatos.<\/p>\n<p>N\u00e3o menos comum \u00e9 a intoxica\u00e7\u00e3o criminosa, quando pessoas que n\u00e3o gostam de animais colocam esses iscos na tentativa de matar c\u00e3es ou gatos vadios ou da zona de habita\u00e7\u00e3o.<\/p>\n<p>Existe tamb\u00e9m a possibilidade de ingest\u00e3o indirecta do veneno quando um c\u00e3o ou gato come um roedor vivo ou morto que ingeriu o veneno.<\/p>\n<p>O princ\u00edpio activo dos rodenticidas \u00e9 rapidamente absorvido (90%) pelo sistema gastrointestinal e atinge pico plasm\u00e1tico (no sangue) em 1 a 12 horas. A ac\u00e7\u00e3o do t\u00f3xico pode variar de 36-48 horas (rodenticidas de primeira gera\u00e7\u00e3o) ap\u00f3s a ingest\u00e3o ou at\u00e9 v\u00e1rias semanas (rodenticidas de segunda gera\u00e7\u00e3o).<\/p>\n<p>Externamente os sinais cl\u00ednicos n\u00e3o s\u00e3o facilmente percept\u00edveis. O propriet\u00e1rio n\u00e3o observa nenhuma outra altera\u00e7\u00e3o a n\u00e3o ser apatia e sonol\u00eancia, contudo, a n\u00edvel interno h\u00e1 todo um desenrolar de altera\u00e7\u00f5es hemodin\u00e2micas associadas \u00e0 m\u00e1 coagula\u00e7\u00e3o do sangue at\u00e9 que o animal fica em estado cr\u00edtico.<\/p>\n<p>Os seguintes sinais cl\u00ednicos s\u00e3o frequentemente observados num animal que ingere veneno de rato:<\/p>\n<ul>\n<li>Mucosas p\u00e1lidas (anemia)<\/li>\n<li>Fraqueza<\/li>\n<li>\u00a0Aumento da frequ\u00eancia respirat\u00f3ria<\/li>\n<li>Dificuldade respirat\u00f3ria<\/li>\n<li>Taquicardia<\/li>\n<li>Tosse<\/li>\n<li>Hemorragias internas<\/li>\n<li>Hemorragias na pele e mucosas (pet\u00e9quias)<\/li>\n<li>Sangramento nasal (epistaxis)<\/li>\n<li>Sangue na urina (hemat\u00faria)<\/li>\n<li>Sangue nas fezes (melena ou hematosquezia)<\/li>\n<li>Abd\u00f3men distendido<\/li>\n<li>Dor articular<\/li>\n<li>V\u00f3mitos com sangue (hematem\u00e9se) ou sem sangue<\/li>\n<li>Febre<\/li>\n<li>Depress\u00e3o<\/li>\n<li>Convuls\u00f5es<\/li>\n<li>Choque<\/li>\n<\/ul>\n<p>O progn\u00f3stico e a gravidade da doen\u00e7a dependem directamente da quantidade de veneno ingerida bem como do intervalo de tempo desde a ingest\u00e3o at\u00e9 ao inicio do tratamento.<\/p>\n<p>O <strong>quadro hemorr\u00e1gico normalmente tem in\u00edcio em 2 a 3 dias ap\u00f3s ingest\u00e3o<\/strong>, o que torna o diagn\u00f3stico dif\u00edcil pois os sinais cl\u00ednicos n\u00e3o s\u00e3o imediatamente detectados, sendo o progn\u00f3stico mais reservado.<\/p>\n<p>De forma a prevenir a ingest\u00e3o acidental de veneno para ratos, o melhor ser\u00e1 a utiliza\u00e7\u00e3o de armadilhas para roedores em vez de venenos.<\/p>\n<p>Dever\u00e1 supervisionar o seu animal quando este vai passear \u00e0 rua de forma a que ele n\u00e3o ingira restos de comida, roedores, lixo...<strong>Se viu ou suspeita que o seu animal ingeriu veneno de rato ou algum roedor, contacte de imediato o seu M\u00e9dico Veterin\u00e1rio<\/strong>.<\/p>\n<p>Ao dirigir-se \u00e0 cl\u00ednica, informe que tipo de veneno foi ingerido e se poss\u00edvel leve consigo a embalagem do produto.<\/p>\n<\/div>\n","protected":false},"excerpt":{"rendered":"Os rodenticidas (ou dicumar\u00ednicos), vulgarmente conhecidos como veneno para ratos, s\u00e3o subst\u00e2ncias potencialmente fatais para um animal de estima\u00e7\u00e3o. A exposi\u00e7\u00e3o ao veneno ocorre mais frequentemente por ingest\u00e3o directa, pois \u00e9 muito comum as pessoas colocarem as \"pastilhas\" ao redor da casa ou jardim dentro de peda\u00e7os de comida (carnes, queijo, frutas...), iscos que sejam atractivos para os ratos e&nbsp;<a href=\"https:\/\/www.fozcanis.pt\/2016\/informacoes\/geral\/rodenticidas-veneno-de-ratos\/\" class=\"read-more\">Continue Reading<\/a>","protected":false},"author":6,"featured_media":0,"parent":2180,"menu_order":0,"comment_status":"closed","ping_status":"closed","template":"page-fullwidth.php","meta":{"footnotes":""},"class_list":["post-2204","page","type-page","status-publish","hentry"],"_links":{"self":[{"href":"https:\/\/www.fozcanis.pt\/2016\/wp-json\/wp\/v2\/pages\/2204","targetHints":{"allow":["GET"]}}],"collection":[{"href":"https:\/\/www.fozcanis.pt\/2016\/wp-json\/wp\/v2\/pages"}],"about":[{"href":"https:\/\/www.fozcanis.pt\/2016\/wp-json\/wp\/v2\/types\/page"}],"author":[{"embeddable":true,"href":"https:\/\/www.fozcanis.pt\/2016\/wp-json\/wp\/v2\/users\/6"}],"replies":[{"embeddable":true,"href":"https:\/\/www.fozcanis.pt\/2016\/wp-json\/wp\/v2\/comments?post=2204"}],"version-history":[{"count":4,"href":"https:\/\/www.fozcanis.pt\/2016\/wp-json\/wp\/v2\/pages\/2204\/revisions"}],"predecessor-version":[{"id":3359,"href":"https:\/\/www.fozcanis.pt\/2016\/wp-json\/wp\/v2\/pages\/2204\/revisions\/3359"}],"up":[{"embeddable":true,"href":"https:\/\/www.fozcanis.pt\/2016\/wp-json\/wp\/v2\/pages\/2180"}],"wp:attachment":[{"href":"https:\/\/www.fozcanis.pt\/2016\/wp-json\/wp\/v2\/media?parent=2204"}],"curies":[{"name":"wp","href":"https:\/\/api.w.org\/{rel}","templated":true}]}}