{"id":2215,"date":"2016-04-14T11:16:52","date_gmt":"2016-04-14T11:16:52","guid":{"rendered":"http:\/\/www.fozcanis.pt\/2016\/?page_id=2215"},"modified":"2016-09-16T13:33:36","modified_gmt":"2016-09-16T13:33:36","slug":"como-preparar-o-seu-animal-para-o-tempo-quente","status":"publish","type":"page","link":"https:\/\/www.fozcanis.pt\/2016\/informacoes\/geral\/como-preparar-o-seu-animal-para-o-tempo-quente\/","title":{"rendered":"Como preparar o seu animal para o Tempo Quente"},"content":{"rendered":"<p>O calor que se faz sentir durante o Ver\u00e3o pode tornar a vida dif\u00edcil para o seu animal de estima\u00e7\u00e3o. Tanto os c\u00e3es como os gatos podem ter os mesmos problemas que os humanos, como sobreaquecimento, desidrata\u00e7\u00e3o e queimaduras solares.<\/p>\n<p>Cabe ent\u00e3o aos propriet\u00e1rios tomarem algumas medidas simples de precau\u00e7\u00e3o para manter os seus animais bem-dispostos e saud\u00e1veis, sem deixar de aproveitar a \u00e9poca de f\u00e9rias.<\/p>\n<p><strong>Visite o seu m\u00e9dico veterin\u00e1rio<\/strong> para um check-up no final da primavera ou in\u00edcio do ver\u00e3o, incluindo o teste para a pesquisa da <a href=\"http:\/\/www.fozcanis.pt\/2016\/informacoes\/geral\/dermatite-alergica-a-picada-da-pulga\/\">Dirofilariose <\/a>(ou o \"verme do cora\u00e7\u00e3o\") caso o seu c\u00e3o n\u00e3o esteja a fazer medica\u00e7\u00e3o preventiva. Aconselhe-se sobre o <strong>anti-parasit\u00e1rio<\/strong> mais seguro e eficaz para eliminar as pulgas, carra\u00e7as e mosquitos que frequentemente incomodam os animais nesta altura do ano.<\/p>\n<p><strong>Nunca deixe o seu animal no interior do carro<\/strong> - mesmo com a janela ligeiramente aberta ou estacionado \u00e0 sombra, a temperatura no interior do ve\u00edculo pode atingir valores muito elevados, podendo predispor para um estado de hipertermia - <strong>que pode ser fatal!<\/strong><\/p>\n<p>Evite levar o seu animal a passear em zonas onde suspeite que tenha sido aplicado algum tipo de herbicida ou insecticida, uma vez que estes podem ser altamente t\u00f3xicos para c\u00e3es e gatos.<\/p>\n<p>Leve sempre consigo um recipiente com \u00e1gua fresca quando viajar com o seu animal.<\/p>\n<p>Restrinja os momentos de brincadeira para as alturas de menor calor, como o in\u00edcio da manh\u00e3 ou o final do dia, evitando os per\u00edodos ap\u00f3s as refei\u00e7\u00f5es ou de tempo h\u00famido.<\/p>\n<p><strong>Na rua:<\/strong> n\u00e3o deixe o seu animal andar no asfalto quente em dias de muito calor, uma vez que a sua temperatura corporal pode subir rapidamente e at\u00e9 queimar as suas almofadinhas plantares. Durante esta esta\u00e7\u00e3o do ano, reduza a dura\u00e7\u00e3o dos passeios nos per\u00edodos de maior calor.<\/p>\n<p><strong>Na praia:<\/strong> leve o seu animal para a praia apenas se puder providenciar uma zona fresca e de sombra para ele, assim como ter \u00e1gua fresca \u00e0 sua disposi\u00e7\u00e3o. N\u00e3o deixe o seu animal beber \u00e1gua do mar. Ap\u00f3s o banho no mar, n\u00e3o se esque\u00e7a de passar o seu animal por \u00e1gua doce, de modo a retirar o sal do seu p\u00ealo.<\/p>\n<p><strong>Em animais mantidos no exterior:<\/strong> assegure que t\u00eam \u00e0 sua disposi\u00e7\u00e3o \u00e1gua fresca e sombra. Nos per\u00edodos de maior calor, deixe o seu animal descansar numa zona mais fresca dentro de casa.<\/p>\n<p>Animais mais velhos, com excesso de peso ou com doen\u00e7as card\u00edacas ou respirat\u00f3rias t\u00eam maior dificuldade em tolerar o tempo quente, sendo aconselhado mant\u00ea-los em \u00e1reas frescas e com boa circula\u00e7\u00e3o de ar.<\/p>\n<p><strong>Escove o seu animal frequentemente:<\/strong> vai reduzir o aparecimento de muitos problemas de pele que surgem nos per\u00edodos mais quentes do ano, especialmente em animais de p\u00ealo comprido e denso.<\/p>\n<p>A tosquia tamb\u00e9m pode aliviar o calor do seu animal; no entanto, evite cortar o p\u00ealo muito curto uma vez que reduz a protec\u00e7\u00e3o da pele face \u00e0 radia\u00e7\u00e3o solar.<\/p>\n<p>N\u00e3o aplique protectores solares ou repelentes de insectos que n\u00e3o estejam indicados para o uso espec\u00edfico em animais. A ingest\u00e3o destes produtos pode causar letargia, assim como altera\u00e7\u00f5es gastrointestinais ou at\u00e9, em alguns casos, neurol\u00f3gicas.<\/p>\n<p>Assegure-se que n\u00e3o existem portas ou janelas abertas atrav\u00e9s das quais o seu animal possa fugir, cair ou saltar.<\/p>\n<p>Mantenha-se atento <strong>a sinais de sobreaquecimento<\/strong> no seu animal, como arfar intenso, ptialismo (ou \"babar excessivo\") e fraqueza, assim como temperatura corporal elevada.<\/p>\n","protected":false},"excerpt":{"rendered":"O calor que se faz sentir durante o Ver\u00e3o pode tornar a vida dif\u00edcil para o seu animal de estima\u00e7\u00e3o. Tanto os c\u00e3es como os gatos podem ter os mesmos problemas que os humanos, como sobreaquecimento, desidrata\u00e7\u00e3o e queimaduras solares. Cabe ent\u00e3o aos propriet\u00e1rios tomarem algumas medidas simples de precau\u00e7\u00e3o para manter os seus animais bem-dispostos e saud\u00e1veis, sem deixar&nbsp;<a href=\"https:\/\/www.fozcanis.pt\/2016\/informacoes\/geral\/como-preparar-o-seu-animal-para-o-tempo-quente\/\" class=\"read-more\">Continue Reading<\/a>","protected":false},"author":6,"featured_media":0,"parent":2180,"menu_order":0,"comment_status":"closed","ping_status":"closed","template":"page-fullwidth.php","meta":{"footnotes":""},"class_list":["post-2215","page","type-page","status-publish","hentry"],"_links":{"self":[{"href":"https:\/\/www.fozcanis.pt\/2016\/wp-json\/wp\/v2\/pages\/2215","targetHints":{"allow":["GET"]}}],"collection":[{"href":"https:\/\/www.fozcanis.pt\/2016\/wp-json\/wp\/v2\/pages"}],"about":[{"href":"https:\/\/www.fozcanis.pt\/2016\/wp-json\/wp\/v2\/types\/page"}],"author":[{"embeddable":true,"href":"https:\/\/www.fozcanis.pt\/2016\/wp-json\/wp\/v2\/users\/6"}],"replies":[{"embeddable":true,"href":"https:\/\/www.fozcanis.pt\/2016\/wp-json\/wp\/v2\/comments?post=2215"}],"version-history":[{"count":3,"href":"https:\/\/www.fozcanis.pt\/2016\/wp-json\/wp\/v2\/pages\/2215\/revisions"}],"predecessor-version":[{"id":3369,"href":"https:\/\/www.fozcanis.pt\/2016\/wp-json\/wp\/v2\/pages\/2215\/revisions\/3369"}],"up":[{"embeddable":true,"href":"https:\/\/www.fozcanis.pt\/2016\/wp-json\/wp\/v2\/pages\/2180"}],"wp:attachment":[{"href":"https:\/\/www.fozcanis.pt\/2016\/wp-json\/wp\/v2\/media?parent=2215"}],"curies":[{"name":"wp","href":"https:\/\/api.w.org\/{rel}","templated":true}]}}