{"id":2221,"date":"2016-04-14T11:18:21","date_gmt":"2016-04-14T11:18:21","guid":{"rendered":"http:\/\/www.fozcanis.pt\/2016\/?page_id=2221"},"modified":"2016-09-16T13:47:59","modified_gmt":"2016-09-16T13:47:59","slug":"como-cuidar-do-seu-animal-diabetico","status":"publish","type":"page","link":"https:\/\/www.fozcanis.pt\/2016\/informacoes\/geral\/como-cuidar-do-seu-animal-diabetico\/","title":{"rendered":"Como cuidar do seu animal diab\u00e9tico"},"content":{"rendered":"<p>Alimente o seu animal de acordo com as recomenda\u00e7\u00f5es m\u00e9dicas fornecidas.<br \/>\nCumpra as recomenda\u00e7\u00f5es dadas em rela\u00e7\u00e3o \u00e0s doses de insulina e ao hor\u00e1rio da medica\u00e7\u00e3o do seu animal (mesma hora, todos os dias). N\u00e3o altere nada na medica\u00e7\u00e3o sem consultar antes o seu m\u00e9dico veterin\u00e1rio.<\/p>\n<p>Assegure-se que o seu animal come antes da administra\u00e7\u00e3o de insulina. Se o seu animal deixar de comer n\u00e3o administre a insulina e fale com o seu m\u00e9dico veterin\u00e1rio.<\/p>\n<p>Leve o seu animal regularmente ao m\u00e9dico veterin\u00e1rio para a avaliar os n\u00edveis de glicose sangu\u00edneos e acompanhar a resposta \u00e0 terapia institu\u00edda.<\/p>\n<p>Estimule o seu animal a fazer exerc\u00edcio regular e controlado. Quanto mais exerc\u00edcio o seu animal fizer, menor ser\u00e1 a quantidade de insulina que o seu corpo ir\u00e1 necessitar.<\/p>\n<p><strong>Torne a administra\u00e7\u00e3o de insulina mais segura e agrad\u00e1vel para o seu animal:<\/strong><\/p>\n<ul>\n<li>Use uma agulha e seringa novas em cada administra\u00e7\u00e3o;<\/li>\n<li>Misture a insulina lentamente sem agitar o frasco;<\/li>\n<li>Administre a insulina em concentra\u00e7\u00f5es adequadas e na altura certa;<\/li>\n<li>Retire a quantidade necess\u00e1ria para a seringa tendo o cuidado de eliminar as bolhas de ar e administre a insulina debaixo da pele do seu animal. Fale com o seu veterin\u00e1rio se tiver d\u00favidas na forma como dar a injec\u00e7\u00e3o.<\/li>\n<li>Recompense o seu animal de estima\u00e7\u00e3o e seja paciente;<\/li>\n<li>Guarde o frasco de insulina novamente no frigor\u00edfico ap\u00f3s cada administra\u00e7\u00e3o e a agulha num saco \u00e0 parte para entregar na farm\u00e1cia mais perto de si.<\/li>\n<li>Tenha sempre por perto uma fonte de a\u00e7\u00facar (e.g. mel) caso o seu animal desenvolva sinais de hipoglic\u00e9mia. Ponha um pouco desse alimento na boca do seu animal e dirija-se ao seu m\u00e9dico veterin\u00e1rio assim que poss\u00edvel.<\/li>\n<\/ul>\n<p>&nbsp;<\/p>\n<p><strong>O perigo da Hipoglic\u00e9mia<\/strong><\/p>\n<p>Se o seu animal n\u00e3o comer ou se a dose de insulina for excessiva, o seu animal poder\u00e1 ficar hipoglic\u00e9mico (n\u00edveis baixos de a\u00e7\u00facar no sangue). Um epis\u00f3dio agudo hipoglicemia pode acontecer mesmo quando o propriet\u00e1rio est\u00e1 atento, uma vez que as necessidades de insulina do seu animal podem alterar-se.<\/p>\n<p>Sinais de hipoglicemia incluem: depress\u00e3o , letargia, confus\u00e3o, tonturas, fraqueza, v\u00f3mitos e perda de consci\u00eancia e\/ou convuls\u00f5es. Um animal diab\u00e9tico que apresente esses sintomas deve ser levado imediatamente ao veterin\u00e1rio.<\/p>\n<p><strong>Sempre que necessite de algum esclarecimento, contacte o nosso hospital e fale com o seu m\u00e9dico-veterin\u00e1rio.<\/strong><\/p>\n","protected":false},"excerpt":{"rendered":"Alimente o seu animal de acordo com as recomenda\u00e7\u00f5es m\u00e9dicas fornecidas. Cumpra as recomenda\u00e7\u00f5es dadas em rela\u00e7\u00e3o \u00e0s doses de insulina e ao hor\u00e1rio da medica\u00e7\u00e3o do seu animal (mesma hora, todos os dias). N\u00e3o altere nada na medica\u00e7\u00e3o sem consultar antes o seu m\u00e9dico veterin\u00e1rio. Assegure-se que o seu animal come antes da administra\u00e7\u00e3o de insulina. Se o seu&nbsp;<a href=\"https:\/\/www.fozcanis.pt\/2016\/informacoes\/geral\/como-cuidar-do-seu-animal-diabetico\/\" class=\"read-more\">Continue Reading<\/a>","protected":false},"author":6,"featured_media":0,"parent":2180,"menu_order":0,"comment_status":"closed","ping_status":"closed","template":"page-fullwidth.php","meta":{"footnotes":""},"class_list":["post-2221","page","type-page","status-publish","hentry"],"_links":{"self":[{"href":"https:\/\/www.fozcanis.pt\/2016\/wp-json\/wp\/v2\/pages\/2221","targetHints":{"allow":["GET"]}}],"collection":[{"href":"https:\/\/www.fozcanis.pt\/2016\/wp-json\/wp\/v2\/pages"}],"about":[{"href":"https:\/\/www.fozcanis.pt\/2016\/wp-json\/wp\/v2\/types\/page"}],"author":[{"embeddable":true,"href":"https:\/\/www.fozcanis.pt\/2016\/wp-json\/wp\/v2\/users\/6"}],"replies":[{"embeddable":true,"href":"https:\/\/www.fozcanis.pt\/2016\/wp-json\/wp\/v2\/comments?post=2221"}],"version-history":[{"count":5,"href":"https:\/\/www.fozcanis.pt\/2016\/wp-json\/wp\/v2\/pages\/2221\/revisions"}],"predecessor-version":[{"id":3378,"href":"https:\/\/www.fozcanis.pt\/2016\/wp-json\/wp\/v2\/pages\/2221\/revisions\/3378"}],"up":[{"embeddable":true,"href":"https:\/\/www.fozcanis.pt\/2016\/wp-json\/wp\/v2\/pages\/2180"}],"wp:attachment":[{"href":"https:\/\/www.fozcanis.pt\/2016\/wp-json\/wp\/v2\/media?parent=2221"}],"curies":[{"name":"wp","href":"https:\/\/api.w.org\/{rel}","templated":true}]}}