{"id":2235,"date":"2016-04-14T11:27:23","date_gmt":"2016-04-14T11:27:23","guid":{"rendered":"http:\/\/www.fozcanis.pt\/2016\/?page_id=2235"},"modified":"2017-01-12T10:14:02","modified_gmt":"2017-01-12T10:14:02","slug":"caes","status":"publish","type":"page","link":"https:\/\/www.fozcanis.pt\/2016\/informacoes\/caes\/","title":{"rendered":"C\u00e3es"},"content":{"rendered":"<div class=\"row \"><div class=\"span6 \"><p><strong><a href=\"http:\/\/www.fozcanis.pt\/2016\/informacoes\/caes\/dilatacao-e-torcao-gastrica\/\">Dilata\u00e7\u00e3o e tor\u00e7\u00e3o g\u00e1strica<\/a><\/strong><\/p>\n<p>Considerada uma <em>emerg\u00eancia m\u00e9dica<\/em>! Em poucas horas o animal acaba por morrer se n\u00e3o for estabilizado e intervencionado cirurgicamente o mais precocemente poss\u00edvel.<a href=\"http:\/\/www.fozcanis.pt\/2016\/informacoes\/caes\/dilatacao-e-torcao-gastrica\/\"> Ler mais-><\/a><\/p><\/div><div class=\"span6 \"><p><strong><a href=\"http:\/\/www.fozcanis.pt\/2016\/informacoes\/caes\/parvovirose-canina\/\">Parvovirose Canina <\/a><\/strong><\/p>\n<p>A Parvovirose \u00e9 uma das principais causas de gastroenterite hemorr\u00e1gica em c\u00e3es com menos de 6 meses de idade.<a href=\"http:\/\/www.fozcanis.pt\/2016\/informacoes\/caes\/parvovirose-canina\/\"> Ler mais-><\/a><\/p><\/div><\/div><!-- .row (end) -->\n<div class=\"row \"><div class=\"span6 \"><p><strong><a href=\"http:\/\/www.fozcanis.pt\/2016\/informacoes\/caes\/esgana\/\">Esgana <\/a><\/strong><\/p>\n<p>A Esgana \u00e9 uma doen\u00e7a infecciosa causada por um v\u00edrus que afecta exclusivamente o c\u00e3o, principalmente animais jovens e n\u00e3o-vacinados, sendo uma das mais conhecidas por parte do cidad\u00e3o comum, pelo facto de ser frequente e simultaneamente grave.<a href=\"http:\/\/www.fozcanis.pt\/2016\/informacoes\/caes\/esgana\/\"> Ler mais-><\/a><\/p><\/div><div class=\"span6 \"><p><strong><a href=\"http:\/\/www.fozcanis.pt\/2016\/informacoes\/caes\/dirofilariose-canina\/\">Dirofilariose Canina <\/a><\/strong><\/p>\n<p>A dirofilariose ou \"verme do cora\u00e7\u00e3o\" \u00e9 uma doen\u00e7a causada por um parasita, denominado <em>Dirofilaria immitis<\/em>, transmitido atrav\u00e9s da picada de um mosquito culic\u00eddeo.<a href=\"http:\/\/www.fozcanis.pt\/2016\/informacoes\/caes\/dirofilariose-canina\/\"> Ler mais-><\/a><\/p><\/div><\/div><!-- .row (end) -->\n<div class=\"row \"><div class=\"span6 \"><p><strong><a href=\"http:\/\/www.fozcanis.pt\/2016\/informacoes\/caes\/a-leishmaniose-canina\/\">A Leishmaniose Canina <\/a><\/strong><\/p>\n<p>A Leishmaniose Canina \u00e9 uma doen\u00e7a infecciosa grave transmiss\u00edvel entre c\u00e3es e que \u00e9 tamb\u00e9m uma zoonose (doen\u00e7a transmitida ao Homem pelos animais). <a href=\"http:\/\/www.fozcanis.pt\/2016\/informacoes\/caes\/a-leishmaniose-canina\/\"> Ler mais-><\/a><\/p><\/div><div class=\"span6 \"><p><strong><a href=\"http:\/\/www.fozcanis.pt\/2016\/informacoes\/caes\/alergias-em-caes\/\">Alergias em C\u00e3es <\/a><\/strong><\/p>\n<p>Em c\u00e3es as alergias come\u00e7am a manifestar-se geralmente entre o ano de idade e os tr\u00eas. Poder\u00e3o come\u00e7ar at\u00e9 aos seis anos mas 80% dos casos come\u00e7a antes. Para piorar as coisas, \u00e0 medida que o animal envelhece vai geralmente desenvolvendo alergias a mais coisas diferentes e a resposta a cada alergeno individual torna-se mais severa.<a href=\"http:\/\/www.fozcanis.pt\/2016\/informacoes\/caes\/alergias-em-caes\/\"> Ler mais-><\/a><\/p><\/div><\/div><!-- .row (end) -->\n<div class=\"row \"><div class=\"span6 \"><p><strong><a href=\"http:\/\/www.fozcanis.pt\/2016\/informacoes\/caes\/vacinacao-e-desparasitacao\/\">Vacina\u00e7\u00e3o e Desparasita\u00e7\u00e3o<\/a><\/strong><\/p>\n<p>Os c\u00e3es podem ser afectados por um conjunto de doen\u00e7as para as quais existem vacinas dispon\u00edveis, nomeadamente: esgana, parvovirose, hepatite infecciosa, leptospirose, tosse canil, leishmaniose e raiva. Em Portugal, a vacina contra a raiva \u00e9 a \u00fanica obrigat\u00f3ria (assim como a identifica\u00e7\u00e3o electr\u00f3nica - ou microchip - e a licen\u00e7a na Junta de Freguesia). Contudo, algumas destas doen\u00e7as s\u00e3o zoonoses (transmiss\u00edveis ao Homem), pelo que o esquema vacinal deve ser respeitado.<a href=\"http:\/\/www.fozcanis.pt\/2016\/informacoes\/caes\/vacinacao-e-desparasitacao\/\"> Ler mais-><\/a><\/p><\/div><div class=\"span6 \"><\/div><\/div><!-- .row (end) -->\n","protected":false},"excerpt":{"rendered":"","protected":false},"author":6,"featured_media":0,"parent":2179,"menu_order":0,"comment_status":"closed","ping_status":"closed","template":"page-fullwidth.php","meta":{"footnotes":""},"class_list":["post-2235","page","type-page","status-publish","hentry"],"_links":{"self":[{"href":"https:\/\/www.fozcanis.pt\/2016\/wp-json\/wp\/v2\/pages\/2235","targetHints":{"allow":["GET"]}}],"collection":[{"href":"https:\/\/www.fozcanis.pt\/2016\/wp-json\/wp\/v2\/pages"}],"about":[{"href":"https:\/\/www.fozcanis.pt\/2016\/wp-json\/wp\/v2\/types\/page"}],"author":[{"embeddable":true,"href":"https:\/\/www.fozcanis.pt\/2016\/wp-json\/wp\/v2\/users\/6"}],"replies":[{"embeddable":true,"href":"https:\/\/www.fozcanis.pt\/2016\/wp-json\/wp\/v2\/comments?post=2235"}],"version-history":[{"count":30,"href":"https:\/\/www.fozcanis.pt\/2016\/wp-json\/wp\/v2\/pages\/2235\/revisions"}],"predecessor-version":[{"id":3506,"href":"https:\/\/www.fozcanis.pt\/2016\/wp-json\/wp\/v2\/pages\/2235\/revisions\/3506"}],"up":[{"embeddable":true,"href":"https:\/\/www.fozcanis.pt\/2016\/wp-json\/wp\/v2\/pages\/2179"}],"wp:attachment":[{"href":"https:\/\/www.fozcanis.pt\/2016\/wp-json\/wp\/v2\/media?parent=2235"}],"curies":[{"name":"wp","href":"https:\/\/api.w.org\/{rel}","templated":true}]}}