{"id":2241,"date":"2016-04-14T13:40:58","date_gmt":"2016-04-14T13:40:58","guid":{"rendered":"http:\/\/www.fozcanis.pt\/2016\/?page_id=2241"},"modified":"2016-09-16T11:16:32","modified_gmt":"2016-09-16T11:16:32","slug":"parvovirose-canina","status":"publish","type":"page","link":"https:\/\/www.fozcanis.pt\/2016\/informacoes\/caes\/parvovirose-canina\/","title":{"rendered":"Parvovirose Canina"},"content":{"rendered":"<div class=\"itemIntroText\">\n<p>A Parvovirose \u00e9 uma das principais causas de gastroenterite hemorr\u00e1gica em c\u00e3es com menos de 6 meses de idade.<\/p>\n<\/div>\n<div class=\"itemFullText\">\n<p>Esta patologia, altamente contagiosa, \u00e9 provocada por um v\u00edrus que afecta principalmente c\u00e9lulas que se multiplicam rapidamente (como as do epit\u00e9lio gastrointestinal e da medula \u00f3ssea), desencadeando uma inflama\u00e7\u00e3o g\u00e1strica e intestinal que geralmente conduz a v\u00f3mitos e diarreia hemorr\u00e1gica intensa, com desidrata\u00e7\u00e3o severa e r\u00e1pida deteriora\u00e7\u00e3o do estado geral.<\/p>\n<p>A Parvovirose surge principalmente c\u00e3es jovens n\u00e3o-vacinados, parecendo apresentar maior incid\u00eancia no final do Ver\u00e3o (embora existam casos durante todo o ano). Apesar de afectar todo o tipo de c\u00e3es, algumas ra\u00e7as parecem ser mais suscept\u00edveis a este v\u00edrus, nomeadamente: Rottweiler, Retrievers, ra\u00e7as n\u00f3rdicas, Pitt Bull e Doberman.<\/p>\n<p>A infec\u00e7\u00e3o ocorre maioritariamente por via oral, por exposi\u00e7\u00e3o a fezes contaminadas, onde o v\u00edrus pode resistir durante bastante tempo. O v\u00edrus instala-se, entra na circula\u00e7\u00e3o sangu\u00ednea e acaba por atingir v\u00e1rios \u00f3rg\u00e3os, entre os quais o est\u00f4mago, f\u00edgado, ba\u00e7o, medula \u00f3ssea, pulm\u00f5es, mioc\u00e1rdio e, por fim, o intestino, onde se continua a replicar, provocando a morte das suas c\u00e9lulas epiteliais e destrui\u00e7\u00e3o das suas vilosidades.<\/p>\n<p>Os sinais cl\u00ednicos geralmente incluem anorexia, prostra\u00e7\u00e3o, febre, v\u00f3mito, diarreia com sangue, desidrata\u00e7\u00e3o (secund\u00e1ria \u00e0 elevada perda de fluidos pelo v\u00f3mito e diarreia) e, em \u00faltimo caso, morte.<\/p>\n<p>&nbsp;<\/p>\n<p><strong>Tratamento<br \/>\n<\/strong><br \/>\nA terap\u00eautica (quando institu\u00edda no momento certo) apresenta geralmente uma elevada taxa de sucesso e consiste no tratamento de suporte, com instaura\u00e7\u00e3o de fluidoterapia intensiva (para correc\u00e7\u00e3o da desidrata\u00e7\u00e3o), antiobioterapia (para preven\u00e7\u00e3o de infec\u00e7\u00f5es secund\u00e1rias) e a administra\u00e7\u00e3o de anti-em\u00e9ticos e protectores da mucosa g\u00e1strica.<\/p>\n<p><img loading=\"lazy\" decoding=\"async\" src=\"http:\/\/www.fozcanis.pt\/assets\/images\/stories\/p9300052.jpg\" alt=\"\" width=\"200\" height=\"150\" border=\"0\" \/><\/p>\n<p>A preven\u00e7\u00e3o da Parvovirose passa principalmente pela vacina\u00e7\u00e3o, a qual dever\u00e1 ter in\u00edcio entre as 6 e as 8 semanas de idade, sendo necess\u00e1rio efectuar-se refor\u00e7os anuais. Enquanto a primovacina\u00e7\u00e3o do seu animal n\u00e3o estiver conclu\u00edda, dever\u00e1 limitar o seu acesso \u00e0 rua e o contacto com outros c\u00e3es n\u00e3o vacinados, onde poder\u00e1 entrar em contacto com fontes de infec\u00e7\u00e3o.<\/p>\n<p><strong>A melhor maneira de garantir a sa\u00fade do seu animal de estima\u00e7\u00e3o \u00e9 consultar o seu m\u00e9dico veterin\u00e1rio, que poder\u00e1 definir o melhor esquema vacinal para o seu animal!<\/strong><\/p>\n<\/div>\n","protected":false},"excerpt":{"rendered":"A Parvovirose \u00e9 uma das principais causas de gastroenterite hemorr\u00e1gica em c\u00e3es com menos de 6 meses de idade. Esta patologia, altamente contagiosa, \u00e9 provocada por um v\u00edrus que afecta principalmente c\u00e9lulas que se multiplicam rapidamente (como as do epit\u00e9lio gastrointestinal e da medula \u00f3ssea), desencadeando uma inflama\u00e7\u00e3o g\u00e1strica e intestinal que geralmente conduz a v\u00f3mitos e diarreia hemorr\u00e1gica intensa,&nbsp;<a href=\"https:\/\/www.fozcanis.pt\/2016\/informacoes\/caes\/parvovirose-canina\/\" class=\"read-more\">Continue Reading<\/a>","protected":false},"author":6,"featured_media":0,"parent":2235,"menu_order":0,"comment_status":"closed","ping_status":"closed","template":"page-fullwidth.php","meta":{"footnotes":""},"class_list":["post-2241","page","type-page","status-publish","hentry"],"_links":{"self":[{"href":"https:\/\/www.fozcanis.pt\/2016\/wp-json\/wp\/v2\/pages\/2241","targetHints":{"allow":["GET"]}}],"collection":[{"href":"https:\/\/www.fozcanis.pt\/2016\/wp-json\/wp\/v2\/pages"}],"about":[{"href":"https:\/\/www.fozcanis.pt\/2016\/wp-json\/wp\/v2\/types\/page"}],"author":[{"embeddable":true,"href":"https:\/\/www.fozcanis.pt\/2016\/wp-json\/wp\/v2\/users\/6"}],"replies":[{"embeddable":true,"href":"https:\/\/www.fozcanis.pt\/2016\/wp-json\/wp\/v2\/comments?post=2241"}],"version-history":[{"count":4,"href":"https:\/\/www.fozcanis.pt\/2016\/wp-json\/wp\/v2\/pages\/2241\/revisions"}],"predecessor-version":[{"id":3341,"href":"https:\/\/www.fozcanis.pt\/2016\/wp-json\/wp\/v2\/pages\/2241\/revisions\/3341"}],"up":[{"embeddable":true,"href":"https:\/\/www.fozcanis.pt\/2016\/wp-json\/wp\/v2\/pages\/2235"}],"wp:attachment":[{"href":"https:\/\/www.fozcanis.pt\/2016\/wp-json\/wp\/v2\/media?parent=2241"}],"curies":[{"name":"wp","href":"https:\/\/api.w.org\/{rel}","templated":true}]}}