{"id":2243,"date":"2016-04-14T13:41:41","date_gmt":"2016-04-14T13:41:41","guid":{"rendered":"http:\/\/www.fozcanis.pt\/2016\/?page_id=2243"},"modified":"2016-09-16T11:22:31","modified_gmt":"2016-09-16T11:22:31","slug":"esgana","status":"publish","type":"page","link":"https:\/\/www.fozcanis.pt\/2016\/informacoes\/caes\/esgana\/","title":{"rendered":"Esgana"},"content":{"rendered":"<div class=\"itemIntroText\">\n<p>A Esgana \u00e9 uma doen\u00e7a infecciosa causada por um v\u00edrus que afecta exclusivamente o c\u00e3o, principalmente animais jovens e n\u00e3o-vacinados, sendo uma das mais conhecidas por parte do cidad\u00e3o comum, pelo facto de ser frequente e simultaneamente grave.<\/p>\n<\/div>\n<div class=\"itemFullText\">\n<p>Este v\u00edrus \u00e9 bastante sens\u00edvel \u00e0s condi\u00e7\u00f5es ambientais externas, desinfectantes e detergentes correntes, resistindo com dificuldade no meio ambiente. Por esta raz\u00e3o, a transmiss\u00e3o do v\u00edrus da esgana \u00e9 na maioria das vezes por via oronasal, sendo que os animais infectados o eliminam em todas as secre\u00e7\u00f5es e excre\u00e7\u00f5es corporais. O v\u00edrus atinge as vias respirat\u00f3rias, estende-se \u00e0s amigdalas e g\u00e2nglios linf\u00e1ticos regionais, acabando por afectar o f\u00edgado, ba\u00e7o, g\u00e2nglios linf\u00e1ticos abdominais e o tracto gastrointestinal. Com o passar do tempo aparece uma leucopenia (ou diminui\u00e7\u00e3o das c\u00e9lulas de defesa - gl\u00f3bulos brancos) e um pico de febre transit\u00f3rio, acabando o v\u00edrus por entrar na circula\u00e7\u00e3o sangu\u00ednea.<\/p>\n<p>O quadro cl\u00ednico e a sua evolu\u00e7\u00e3o dependem da resposta imunol\u00f3gica do animal infectado. Se a resposta imunit\u00e1ria for r\u00e1pida e eficaz, a infec\u00e7\u00e3o \u00e9 subcl\u00ednica e aumenta a probabilidade de uma recupera\u00e7\u00e3o completa. No caso da resposta ser fraca, a dissemina\u00e7\u00e3o r\u00e1pida e generalizada do v\u00edrus aos tecidos do animal (tractos respirat\u00f3rio e gastrointestinal, assim como o sistema nervoso central) d\u00e1 origem a sinais multissist\u00e9micos, novo pico de febre e uma taxa de mortalidade elevada.<\/p>\n<p>Os <strong>sinais cl\u00ednicos<\/strong> s\u00e3o variados e incluem geralmente anorexia, depress\u00e3o e desidrata\u00e7\u00e3o, associadas a um quadro de gastroenterite (com v\u00f3mitos e\/ou diarreia), tosse produtiva e queratoconjuntivite (com secre\u00e7\u00f5es nasais e oculares purulentas). Numa fase terminal da doen\u00e7a, o v\u00edrus afecta o sistema nervoso central, dando origem a desequil\u00edbrio, incoordena\u00e7\u00e3o motora, convuls\u00f5es e mioclonias (ou contrac\u00e7\u00f5es musculares involunt\u00e1rias).<\/p>\n<p>O <strong>diagn\u00f3stico<\/strong> cl\u00ednico \u00e9 feito tendo em conta os sinais cl\u00ednicos digestivos, respirat\u00f3rios e\/ou nervosos, podendo ser necess\u00e1rio realizar um hemograma completo para avaliar a resposta imunit\u00e1riado animal. Alguns testes espec\u00edficos (serologia ou imunofluoresc\u00eancia directa) podem ajudar no diagn\u00f3stico.<\/p>\n<p>Uma vez que a Esgana pode apresentar um quadro cl\u00ednico vari\u00e1vel, deve ser um diagn\u00f3stico diferencial a ter em conta particularmente em c\u00e3es jovens com um esquema vacinal incorrecto ou incompleto.<br \/>\nO <strong>tratamento<\/strong> de Esgana \u00e9 d\u00edf\u00edcil, uma vez que n\u00e3o existe nenhum tratamento anti-v\u00edrico eficaz, consistindo no tratamento sintom\u00e1tico, com a administra\u00e7\u00e3o de antibi\u00f3ticos de largo espectro, fluidoterapia e, consoante os casos, anti-em\u00e9ticos, anti-convulsivos, entre outros.<\/p>\n<p><strong>Contudo, podemos reduzir a incid\u00eancia de Esgana: A vacina\u00e7\u00e3o \u00e9 a \u00fanica forma eficaz de prevenir o aparecimento desta doen\u00e7a!<\/strong><\/p>\n<\/div>\n","protected":false},"excerpt":{"rendered":"A Esgana \u00e9 uma doen\u00e7a infecciosa causada por um v\u00edrus que afecta exclusivamente o c\u00e3o, principalmente animais jovens e n\u00e3o-vacinados, sendo uma das mais conhecidas por parte do cidad\u00e3o comum, pelo facto de ser frequente e simultaneamente grave. Este v\u00edrus \u00e9 bastante sens\u00edvel \u00e0s condi\u00e7\u00f5es ambientais externas, desinfectantes e detergentes correntes, resistindo com dificuldade no meio ambiente. Por esta raz\u00e3o,&nbsp;<a href=\"https:\/\/www.fozcanis.pt\/2016\/informacoes\/caes\/esgana\/\" class=\"read-more\">Continue Reading<\/a>","protected":false},"author":6,"featured_media":0,"parent":2235,"menu_order":0,"comment_status":"closed","ping_status":"closed","template":"page-fullwidth.php","meta":{"footnotes":""},"class_list":["post-2243","page","type-page","status-publish","hentry"],"_links":{"self":[{"href":"https:\/\/www.fozcanis.pt\/2016\/wp-json\/wp\/v2\/pages\/2243","targetHints":{"allow":["GET"]}}],"collection":[{"href":"https:\/\/www.fozcanis.pt\/2016\/wp-json\/wp\/v2\/pages"}],"about":[{"href":"https:\/\/www.fozcanis.pt\/2016\/wp-json\/wp\/v2\/types\/page"}],"author":[{"embeddable":true,"href":"https:\/\/www.fozcanis.pt\/2016\/wp-json\/wp\/v2\/users\/6"}],"replies":[{"embeddable":true,"href":"https:\/\/www.fozcanis.pt\/2016\/wp-json\/wp\/v2\/comments?post=2243"}],"version-history":[{"count":2,"href":"https:\/\/www.fozcanis.pt\/2016\/wp-json\/wp\/v2\/pages\/2243\/revisions"}],"predecessor-version":[{"id":3345,"href":"https:\/\/www.fozcanis.pt\/2016\/wp-json\/wp\/v2\/pages\/2243\/revisions\/3345"}],"up":[{"embeddable":true,"href":"https:\/\/www.fozcanis.pt\/2016\/wp-json\/wp\/v2\/pages\/2235"}],"wp:attachment":[{"href":"https:\/\/www.fozcanis.pt\/2016\/wp-json\/wp\/v2\/media?parent=2243"}],"curies":[{"name":"wp","href":"https:\/\/api.w.org\/{rel}","templated":true}]}}