{"id":2258,"date":"2016-04-14T13:49:29","date_gmt":"2016-04-14T13:49:29","guid":{"rendered":"http:\/\/www.fozcanis.pt\/2016\/?page_id=2258"},"modified":"2016-09-16T11:08:09","modified_gmt":"2016-09-16T11:08:09","slug":"coriza-ou-complexo-respiratorio-felino","status":"publish","type":"page","link":"https:\/\/www.fozcanis.pt\/2016\/informacoes\/gatos\/coriza-ou-complexo-respiratorio-felino\/","title":{"rendered":"Coriza ou Complexo Respirat\u00f3rio Felino"},"content":{"rendered":"<div class=\"itemIntroText\">\n<p>\u00c9 uma infec\u00e7\u00e3o das vias respirat\u00f3rias superiores causada por um conjunto de agentes infecciosos. Esta doen\u00e7a tem um car\u00e1cter mais grave em gatinhos e animais idosos n\u00e3o-vacinados.<\/p>\n<\/div>\n<div class=\"itemFullText\">\n<p>Os sinais cl\u00ednicos associados ao complexo respirat\u00f3rio felino incluem anorexia, depress\u00e3o, febre e corrimento naso-ocular. A doen\u00e7a resolve-se geralmente em 5 a 7 dias e o tratamento \u00e9 de suporte, consistindo na administra\u00e7\u00e3o de antibi\u00f3ticos para fazer face a poss\u00edveis infecc\u00e7\u00f5es secund\u00e1rias. Geralmente, apenas \u00e9 necess\u00e1rio hospitalizar animais que necessitem de fluidoterapia, nebuliza\u00e7\u00f5es e\/ou alimenta\u00e7\u00e3o for\u00e7ada.<\/p>\n<\/div>\n","protected":false},"excerpt":{"rendered":"\u00c9 uma infec\u00e7\u00e3o das vias respirat\u00f3rias superiores causada por um conjunto de agentes infecciosos. Esta doen\u00e7a tem um car\u00e1cter mais grave em gatinhos e animais idosos n\u00e3o-vacinados. Os sinais cl\u00ednicos associados ao complexo respirat\u00f3rio felino incluem anorexia, depress\u00e3o, febre e corrimento naso-ocular. A doen\u00e7a resolve-se geralmente em 5 a 7 dias e o tratamento \u00e9 de suporte, consistindo na administra\u00e7\u00e3o&nbsp;<a href=\"https:\/\/www.fozcanis.pt\/2016\/informacoes\/gatos\/coriza-ou-complexo-respiratorio-felino\/\" class=\"read-more\">Continue Reading<\/a>","protected":false},"author":6,"featured_media":0,"parent":2255,"menu_order":0,"comment_status":"closed","ping_status":"closed","template":"","meta":{"footnotes":""},"class_list":["post-2258","page","type-page","status-publish","hentry"],"_links":{"self":[{"href":"https:\/\/www.fozcanis.pt\/2016\/wp-json\/wp\/v2\/pages\/2258","targetHints":{"allow":["GET"]}}],"collection":[{"href":"https:\/\/www.fozcanis.pt\/2016\/wp-json\/wp\/v2\/pages"}],"about":[{"href":"https:\/\/www.fozcanis.pt\/2016\/wp-json\/wp\/v2\/types\/page"}],"author":[{"embeddable":true,"href":"https:\/\/www.fozcanis.pt\/2016\/wp-json\/wp\/v2\/users\/6"}],"replies":[{"embeddable":true,"href":"https:\/\/www.fozcanis.pt\/2016\/wp-json\/wp\/v2\/comments?post=2258"}],"version-history":[{"count":3,"href":"https:\/\/www.fozcanis.pt\/2016\/wp-json\/wp\/v2\/pages\/2258\/revisions"}],"predecessor-version":[{"id":3329,"href":"https:\/\/www.fozcanis.pt\/2016\/wp-json\/wp\/v2\/pages\/2258\/revisions\/3329"}],"up":[{"embeddable":true,"href":"https:\/\/www.fozcanis.pt\/2016\/wp-json\/wp\/v2\/pages\/2255"}],"wp:attachment":[{"href":"https:\/\/www.fozcanis.pt\/2016\/wp-json\/wp\/v2\/media?parent=2258"}],"curies":[{"name":"wp","href":"https:\/\/api.w.org\/{rel}","templated":true}]}}