{"id":2260,"date":"2016-04-14T13:49:52","date_gmt":"2016-04-14T13:49:52","guid":{"rendered":"http:\/\/www.fozcanis.pt\/2016\/?page_id=2260"},"modified":"2016-09-16T11:08:48","modified_gmt":"2016-09-16T11:08:48","slug":"panleucopenia-felina","status":"publish","type":"page","link":"https:\/\/www.fozcanis.pt\/2016\/informacoes\/gatos\/panleucopenia-felina\/","title":{"rendered":"Panleucop\u00e9nia Felina"},"content":{"rendered":"<p>\u00c9 uma doen\u00e7a viral contagiosa que atinge principalmente gatinhos com menos de 1 ano de idade.<\/p>\n<p>Apesar de existirem v\u00e1rios modos de transmiss\u00e3o, o mais frequente \u00e9 por contacto directo com um animal doente, ou com mateiral infectado, como camas ou comedouros. No entanto, este v\u00edrus pode ser transportado no ar ou por humanos (que transportam o v\u00edrus para o interior da sua casa e para perto do seu animal de estima\u00e7\u00e3o).Os sinais cl\u00ednicos geralmente aparecem 2 a 10 dias ap\u00f3s a exposi\u00e7\u00e3o ao v\u00edrus, e incluem: anorexia, depress\u00e3o, febre, v\u00f3mito e diarreia com desidrata\u00e7\u00e3o progressiva. A panleucop\u00e9nia felina pode durar 5 a 14 dias e chegar a ser fatal.<\/p>\n<p>O tratamento aplicado \u00e9 sintom\u00e1tico, tendo como objectivo evitar a desidrata\u00e7\u00e3o e o aparecimento de poss\u00edveis infec\u00e7\u00f5es secund\u00e1rias. Em animais muito jovens, a panleucop\u00e9nia pode ser fatal!<\/p>\n<p>Proteja o seu animal atrav\u00e9s da vacina\u00e7\u00e3o.<\/p>\n","protected":false},"excerpt":{"rendered":"\u00c9 uma doen\u00e7a viral contagiosa que atinge principalmente gatinhos com menos de 1 ano de idade. Apesar de existirem v\u00e1rios modos de transmiss\u00e3o, o mais frequente \u00e9 por contacto directo com um animal doente, ou com mateiral infectado, como camas ou comedouros. No entanto, este v\u00edrus pode ser transportado no ar ou por humanos (que transportam o v\u00edrus para o&nbsp;<a href=\"https:\/\/www.fozcanis.pt\/2016\/informacoes\/gatos\/panleucopenia-felina\/\" class=\"read-more\">Continue Reading<\/a>","protected":false},"author":6,"featured_media":0,"parent":2255,"menu_order":0,"comment_status":"closed","ping_status":"closed","template":"","meta":{"footnotes":""},"class_list":["post-2260","page","type-page","status-publish","hentry"],"_links":{"self":[{"href":"https:\/\/www.fozcanis.pt\/2016\/wp-json\/wp\/v2\/pages\/2260","targetHints":{"allow":["GET"]}}],"collection":[{"href":"https:\/\/www.fozcanis.pt\/2016\/wp-json\/wp\/v2\/pages"}],"about":[{"href":"https:\/\/www.fozcanis.pt\/2016\/wp-json\/wp\/v2\/types\/page"}],"author":[{"embeddable":true,"href":"https:\/\/www.fozcanis.pt\/2016\/wp-json\/wp\/v2\/users\/6"}],"replies":[{"embeddable":true,"href":"https:\/\/www.fozcanis.pt\/2016\/wp-json\/wp\/v2\/comments?post=2260"}],"version-history":[{"count":4,"href":"https:\/\/www.fozcanis.pt\/2016\/wp-json\/wp\/v2\/pages\/2260\/revisions"}],"predecessor-version":[{"id":3332,"href":"https:\/\/www.fozcanis.pt\/2016\/wp-json\/wp\/v2\/pages\/2260\/revisions\/3332"}],"up":[{"embeddable":true,"href":"https:\/\/www.fozcanis.pt\/2016\/wp-json\/wp\/v2\/pages\/2255"}],"wp:attachment":[{"href":"https:\/\/www.fozcanis.pt\/2016\/wp-json\/wp\/v2\/media?parent=2260"}],"curies":[{"name":"wp","href":"https:\/\/api.w.org\/{rel}","templated":true}]}}