{"id":2262,"date":"2016-04-14T13:50:15","date_gmt":"2016-04-14T13:50:15","guid":{"rendered":"http:\/\/www.fozcanis.pt\/2016\/?page_id=2262"},"modified":"2016-09-16T11:09:34","modified_gmt":"2016-09-16T11:09:34","slug":"leucemia-felina-felv","status":"publish","type":"page","link":"https:\/\/www.fozcanis.pt\/2016\/informacoes\/gatos\/leucemia-felina-felv\/","title":{"rendered":"Leucemia Felina (FeLV)"},"content":{"rendered":"<p>Esta doen\u00e7a, geralmente fatal, \u00e9 causada por um v\u00edrus presente na saliva, secre\u00e7\u00f5es respirat\u00f3rias, fezes e urina de animais infectados.<\/p>\n<p>O cont\u00e1gio ocorre geralmente por via oral ou por mordeduras mas pode dar-se inclusivamente atrav\u00e9s da placenta ou do leite materno. O per\u00edodo de tempo entre a exposi\u00e7\u00e3o ao v\u00edrus e o desenvolvimento da doen\u00e7a \u00e9 vari\u00e1vel e depende do modo de transmiss\u00e3o.<\/p>\n<p>Os animais infectados podem ser assintom\u00e1ticos (ou seja, n\u00e3o revelarem sinais cl\u00ednicos evidentes) ou manifestar a doen\u00e7a atrav\u00e9s de sinais de anemia, febre, anorexia ou morte.<\/p>\n<p>O diagn\u00f3stico da Leucemia Felina pode ser feito atrav\u00e9s de uma simples an\u00e1lise ao sangue!<br \/>\nO tratamento aplicado \u00e9 de suporte e geralmente pouco eficaz!<br \/>\nContudo, existe vacina para esta patologia mortal!<\/p>\n<p>Todos os gatos saud\u00e1veis devem ser testados e, se negativos para o v\u00edrus, vacinados para reduzir a incid\u00eancia desta doen\u00e7a.<\/p>\n<p>Vacine o seu animal e ajude a controlar a dissemina\u00e7\u00e3o desta doen\u00e7a.<\/p>\n","protected":false},"excerpt":{"rendered":"Esta doen\u00e7a, geralmente fatal, \u00e9 causada por um v\u00edrus presente na saliva, secre\u00e7\u00f5es respirat\u00f3rias, fezes e urina de animais infectados. O cont\u00e1gio ocorre geralmente por via oral ou por mordeduras mas pode dar-se inclusivamente atrav\u00e9s da placenta ou do leite materno. O per\u00edodo de tempo entre a exposi\u00e7\u00e3o ao v\u00edrus e o desenvolvimento da doen\u00e7a \u00e9 vari\u00e1vel e depende do&nbsp;<a href=\"https:\/\/www.fozcanis.pt\/2016\/informacoes\/gatos\/leucemia-felina-felv\/\" class=\"read-more\">Continue Reading<\/a>","protected":false},"author":6,"featured_media":0,"parent":2255,"menu_order":0,"comment_status":"closed","ping_status":"closed","template":"","meta":{"footnotes":""},"class_list":["post-2262","page","type-page","status-publish","hentry"],"_links":{"self":[{"href":"https:\/\/www.fozcanis.pt\/2016\/wp-json\/wp\/v2\/pages\/2262","targetHints":{"allow":["GET"]}}],"collection":[{"href":"https:\/\/www.fozcanis.pt\/2016\/wp-json\/wp\/v2\/pages"}],"about":[{"href":"https:\/\/www.fozcanis.pt\/2016\/wp-json\/wp\/v2\/types\/page"}],"author":[{"embeddable":true,"href":"https:\/\/www.fozcanis.pt\/2016\/wp-json\/wp\/v2\/users\/6"}],"replies":[{"embeddable":true,"href":"https:\/\/www.fozcanis.pt\/2016\/wp-json\/wp\/v2\/comments?post=2262"}],"version-history":[{"count":3,"href":"https:\/\/www.fozcanis.pt\/2016\/wp-json\/wp\/v2\/pages\/2262\/revisions"}],"predecessor-version":[{"id":3333,"href":"https:\/\/www.fozcanis.pt\/2016\/wp-json\/wp\/v2\/pages\/2262\/revisions\/3333"}],"up":[{"embeddable":true,"href":"https:\/\/www.fozcanis.pt\/2016\/wp-json\/wp\/v2\/pages\/2255"}],"wp:attachment":[{"href":"https:\/\/www.fozcanis.pt\/2016\/wp-json\/wp\/v2\/media?parent=2262"}],"curies":[{"name":"wp","href":"https:\/\/api.w.org\/{rel}","templated":true}]}}