{"id":2268,"date":"2016-04-14T13:52:32","date_gmt":"2016-04-14T13:52:32","guid":{"rendered":"http:\/\/www.fozcanis.pt\/2016\/?page_id=2268"},"modified":"2016-09-16T11:11:03","modified_gmt":"2016-09-16T11:11:03","slug":"imunodeficiencia-felina","status":"publish","type":"page","link":"https:\/\/www.fozcanis.pt\/2016\/informacoes\/gatos\/imunodeficiencia-felina\/","title":{"rendered":"Imunodefici\u00eancia felina"},"content":{"rendered":"<p class=\"itemFullText\">O Imunodefici\u00eancia Felina (vulgarmente conhecida como sida felina) \u00e9 uma doen\u00e7a infecciosa causada pelo v\u00edrus da imunodefici\u00eancia felina e que afecta o sistema imunit\u00e1rio dos gatos. Este v\u00edrus \u00e9 contagioso entre gatos mas n\u00e3o \u00e9 transmitido aos humanos ou outras esp\u00e9cies. Os gatos mais suscept\u00edveis a esta doen\u00e7a s\u00e3o os gatos de vida livre, com acesso ao exterior, pois este v\u00edrus transmite-se atrav\u00e9s de mordeduras durante as lutas, atrav\u00e9s da c\u00f3pula e da m\u00e3e aos filhotes atrav\u00e9s da placenta. A sintomatologia mais comum inclui anorexia, anemia, linfadenomegalia (linfonodos aumentados), prostra\u00e7\u00e3o, febre e estomatite. Os portadores deste v\u00edrus podem passar longos per\u00edodos assintom\u00e1ticos e s\u00f3 manifestar a doen\u00e7a quando se instalam infec\u00e7\u00f5es oportunistas. O diagn\u00f3stico da imunodefici\u00eancia felina faz-se atrav\u00e9s de uma an\u00e1lise ao sangue. N\u00e3o existe vacina para prevenir esta doen\u00e7a e o tratamento n\u00e3o \u00e9 curativo, sendo apenas de suporte de forma a controlar as infec\u00e7\u00f5es oportunistas.<\/p>\n<p class=\"itemFullText\"><img loading=\"lazy\" decoding=\"async\" src=\"http:\/\/www.fozcanis.pt\/novo\/images\/7acce66d40ec90c2d61987b409cbf850_S.jpg\" width=\"300\" height=\"200\" border=\"0\" \/><\/p>\n","protected":false},"excerpt":{"rendered":"O Imunodefici\u00eancia Felina (vulgarmente conhecida como sida felina) \u00e9 uma doen\u00e7a infecciosa causada pelo v\u00edrus da imunodefici\u00eancia felina e que afecta o sistema imunit\u00e1rio dos gatos. Este v\u00edrus \u00e9 contagioso entre gatos mas n\u00e3o \u00e9 transmitido aos humanos ou outras esp\u00e9cies. Os gatos mais suscept\u00edveis a esta doen\u00e7a s\u00e3o os gatos de vida livre, com acesso ao exterior, pois este&nbsp;<a href=\"https:\/\/www.fozcanis.pt\/2016\/informacoes\/gatos\/imunodeficiencia-felina\/\" class=\"read-more\">Continue Reading<\/a>","protected":false},"author":6,"featured_media":0,"parent":2255,"menu_order":0,"comment_status":"closed","ping_status":"closed","template":"","meta":{"footnotes":""},"class_list":["post-2268","page","type-page","status-publish","hentry"],"_links":{"self":[{"href":"https:\/\/www.fozcanis.pt\/2016\/wp-json\/wp\/v2\/pages\/2268","targetHints":{"allow":["GET"]}}],"collection":[{"href":"https:\/\/www.fozcanis.pt\/2016\/wp-json\/wp\/v2\/pages"}],"about":[{"href":"https:\/\/www.fozcanis.pt\/2016\/wp-json\/wp\/v2\/types\/page"}],"author":[{"embeddable":true,"href":"https:\/\/www.fozcanis.pt\/2016\/wp-json\/wp\/v2\/users\/6"}],"replies":[{"embeddable":true,"href":"https:\/\/www.fozcanis.pt\/2016\/wp-json\/wp\/v2\/comments?post=2268"}],"version-history":[{"count":3,"href":"https:\/\/www.fozcanis.pt\/2016\/wp-json\/wp\/v2\/pages\/2268\/revisions"}],"predecessor-version":[{"id":3335,"href":"https:\/\/www.fozcanis.pt\/2016\/wp-json\/wp\/v2\/pages\/2268\/revisions\/3335"}],"up":[{"embeddable":true,"href":"https:\/\/www.fozcanis.pt\/2016\/wp-json\/wp\/v2\/pages\/2255"}],"wp:attachment":[{"href":"https:\/\/www.fozcanis.pt\/2016\/wp-json\/wp\/v2\/media?parent=2268"}],"curies":[{"name":"wp","href":"https:\/\/api.w.org\/{rel}","templated":true}]}}