{"id":2276,"date":"2016-04-14T14:00:13","date_gmt":"2016-04-14T14:00:13","guid":{"rendered":"http:\/\/www.fozcanis.pt\/2016\/?page_id=2276"},"modified":"2016-09-26T11:21:38","modified_gmt":"2016-09-26T11:21:38","slug":"exoticos","status":"publish","type":"page","link":"https:\/\/www.fozcanis.pt\/2016\/informacoes\/exoticos\/","title":{"rendered":"Ex\u00f3ticos"},"content":{"rendered":"<div class=\"row \"><div class=\"span6 \"><strong><a href=\"http:\/\/www.fozcanis.pt\/2016\/informacoes\/exoticos\/como-cuidar-de-tartarugas-da-florida\/\">Como cuidar de Tartarugas da Florida<\/a><\/strong><\/p>\n<p>As tartarugas da Florida necessitam de um aqu\u00e1rio que possuam dimens\u00f5es adequadas (por cada cent\u00edmetro de comprimento de carapa\u00e7a a tartaruga dever\u00e1 dispor de 100cm2 de \u00e1rea de aqu\u00e1rio).<a href=\"http:\/\/www.fozcanis.pt\/2016\/informacoes\/exoticos\/como-cuidar-de-tartarugas-da-florida\/\">  Ler mais-><\/a><br \/><\/div> <div class=\"span6 \"><p><strong><a href=\"http:\/\/www.fozcanis.pt\/2016\/informacoes\/exoticos\/como-cuidar-de-lagartos\/\">Como cuidar de Lagartos<\/a><\/strong><\/p>\n<p>Antes de comprar um lagarto ou uma iguana, certifique-se que pode cuidar dele devidamente. Deve saber que tipo de r\u00e9ptil pretende, de forma a adquirir um terr\u00e1rio suficientemente grande com espa\u00e7o suficiente para ele. Por exemplo, uma esp\u00e9cie trepadora dar-se-\u00e1 melhor num terr\u00e1rio alto, enquanto que esp\u00e9cies escavadoras e corredoras querer\u00e3o um recinto mais largo.<a href=\"http:\/\/www.fozcanis.pt\/2016\/informacoes\/exoticos\/como-cuidar-de-lagartos\/\"> Ler mais-><\/a><\/p><\/div> <\/div><!-- .row (end) -->\n<div class=\"row \"><div class=\"span6 \"><strong><a href=\"http:\/\/www.fozcanis.pt\/2016\/informacoes\/exoticos\/coelhos-conselhos-gerais\/\">Coelhos - conselhos gerais<\/a><\/strong><\/p>\n<p>Como todos os animais de companhia, os coelhos devem ser mantidos dentro de casa, com a fam\u00edlia, num ambiente tranquilo e controlado, pois s\u00e3o suscept\u00edveis ao calor, ao frio e \u00e0 humidade.<a href=\"http:\/\/www.fozcanis.pt\/2016\/informacoes\/exoticos\/coelhos-conselhos-gerais\/\"> Ler mais-><\/a><\/p><\/div> <div class=\"span6 \"><strong><a href=\"http:\/\/www.fozcanis.pt\/2016\/informacoes\/exoticos\/coelhos-vacinacao\/\">Coelhos - vacina\u00e7\u00e3o<\/a><\/strong><\/p>\n<p>A mixomatose \u00e9 uma doen\u00e7a transmitida habitualmente pela picada de um mosquito. A transmiss\u00e3o atrav\u00e9s de pulgas ou por contacto direto tamb\u00e9m \u00e9 poss\u00edvel apesar desta ultima forma ser bastante rara.<a href=\"http:\/\/www.fozcanis.pt\/2016\/informacoes\/exoticos\/coelhos-conselhos-vacinacao\/\"> Ler mais-><\/a><\/p><\/div> <\/div><!-- .row (end) -->\n<div class=\"row \"><div class=\"span6 \"><p><strong><a href=\"http:\/\/www.fozcanis.pt\/2016\/informacoes\/exoticos\/dietas-papagaios\/\">Dietas Papagaios<\/a><\/strong><\/p>\n<p>Tradicionalmente a maioria das pessoas alimenta os seus papagaios com sementes de girassol e amendoins. Esta dieta \u00e9 francamente pobre para estes animais uma vez que no estado selvagem eles t\u00eam dietas muito variadas que incluem frutos, sementes, folhas, n\u00e9ctar e at\u00e9 em algumas esp\u00e9cies alguma prote\u00edna de origem animal.<a href=\"http:\/\/www.fozcanis.pt\/2016\/informacoes\/exoticos\/como-cuidar-de-tartarugas-da-florida\/\"> Ler mais-><\/a><\/p><\/div> <div class=\"span6 \"><p><strong><a href=\"http:\/\/www.fozcanis.pt\/2016\/informacoes\/exoticos\/canarios-serinus-canaria\/\">Can\u00e1rios (Serinus canaria)<\/a><\/strong><\/p>\n<p>\u00c9 uma ave setentrional semi aut\u00f3ctone que vive em m\u00e9dia dez anos mas podem durar at\u00e9 18 anos.<br \/>\nS\u00f3 os machos \u00e9 que cantam na \u00e9poca reprodutora e quando est\u00e3o s\u00f3s. Se um indiv\u00edduo v\u00ea outro macho poder\u00e1 n\u00e3o cantar mas se o ouvir sim.<a href=\"http:\/\/www.fozcanis.pt\/2016\/informacoes\/exoticos\/canarios-serinus-canaria\/\/\"> Ler mais-><\/a><\/p><\/div> <\/div><!-- .row (end) -->\n","protected":false},"excerpt":{"rendered":"","protected":false},"author":6,"featured_media":0,"parent":2179,"menu_order":0,"comment_status":"closed","ping_status":"closed","template":"page-fullwidth.php","meta":{"footnotes":""},"class_list":["post-2276","page","type-page","status-publish","hentry"],"_links":{"self":[{"href":"https:\/\/www.fozcanis.pt\/2016\/wp-json\/wp\/v2\/pages\/2276","targetHints":{"allow":["GET"]}}],"collection":[{"href":"https:\/\/www.fozcanis.pt\/2016\/wp-json\/wp\/v2\/pages"}],"about":[{"href":"https:\/\/www.fozcanis.pt\/2016\/wp-json\/wp\/v2\/types\/page"}],"author":[{"embeddable":true,"href":"https:\/\/www.fozcanis.pt\/2016\/wp-json\/wp\/v2\/users\/6"}],"replies":[{"embeddable":true,"href":"https:\/\/www.fozcanis.pt\/2016\/wp-json\/wp\/v2\/comments?post=2276"}],"version-history":[{"count":20,"href":"https:\/\/www.fozcanis.pt\/2016\/wp-json\/wp\/v2\/pages\/2276\/revisions"}],"predecessor-version":[{"id":3479,"href":"https:\/\/www.fozcanis.pt\/2016\/wp-json\/wp\/v2\/pages\/2276\/revisions\/3479"}],"up":[{"embeddable":true,"href":"https:\/\/www.fozcanis.pt\/2016\/wp-json\/wp\/v2\/pages\/2179"}],"wp:attachment":[{"href":"https:\/\/www.fozcanis.pt\/2016\/wp-json\/wp\/v2\/media?parent=2276"}],"curies":[{"name":"wp","href":"https:\/\/api.w.org\/{rel}","templated":true}]}}