{"id":2281,"date":"2016-04-14T14:01:52","date_gmt":"2016-04-14T14:01:52","guid":{"rendered":"http:\/\/www.fozcanis.pt\/2016\/?page_id=2281"},"modified":"2016-09-16T10:48:36","modified_gmt":"2016-09-16T10:48:36","slug":"como-cuidar-de-lagartos","status":"publish","type":"page","link":"https:\/\/www.fozcanis.pt\/2016\/informacoes\/exoticos\/como-cuidar-de-lagartos\/","title":{"rendered":"Como cuidar de Lagartos"},"content":{"rendered":"<table border=\"0\" cellspacing=\"0\" cellpadding=\"0\" align=\"center\">\n<tbody>\n<tr>\n<td colspan=\"2\">Antes de comprar um lagarto ou uma iguana, certifique-se que pode cuidar dele devidamente.<\/td>\n<\/tr>\n<tr>\n<td><\/td>\n<td>Ser\u00e1 que tem espa\u00e7o para um bom terr\u00e1rio?<\/p>\n<p>Tem disponibilidade para limpar as instala\u00e7\u00f5es do animal regularmente?<\/p>\n<p>Tem vontade de ler acerca da esp\u00e9cie do animal que pretende adquirir para que aprenda o m\u00e1ximo poss\u00edvel acerca da sua manuten\u00e7\u00e3o?<\/td>\n<\/tr>\n<tr>\n<td colspan=\"2\"><\/td>\n<\/tr>\n<tr>\n<td colspan=\"2\">Se a resposta \u00e9 \"Sim\", parab\u00e9ns pois est\u00e1 em vias de tornar-se propriet\u00e1rio de r\u00e9pteis ou herpeculturista!<\/p>\n<p><strong>1\u00ba Passo: Alojamento<\/strong><br \/>\nAs instala\u00e7\u00f5es para r\u00e9pteis terrestres chamam-se terr\u00e1rios. Existem muitos tipos de terr\u00e1rio dispon\u00edveis pelo que deve ter em conta v\u00e1rios factores no momento da escolha:<\/td>\n<\/tr>\n<tr>\n<td><\/td>\n<td>Deve saber que <strong>tipo de r\u00e9ptil<\/strong> pretende, de forma a adquirir um terr\u00e1rio suficientemente grande com espa\u00e7o suficiente para ele. Por exemplo, uma esp\u00e9cie trepadora dar-se-\u00e1 melhor num terr\u00e1rio alto, enquanto que esp\u00e9cies escavadoras e corredoras querer\u00e3o um recinto mais largo.<\/p>\n<p>Aqu\u00e1rios de vidro d\u00e3o bons terr\u00e1rios e podem ser comprados a pre\u00e7os razo\u00e1veis. Certifique-se que o recinto tem uma <strong>boa tampa<\/strong>, preferivelmente com encaixe justo e janela (n\u00e3o uma tampa normal de aqu\u00e1rio) - muitos lagartos, especialmente os gecos s\u00e3o artistas da fuga!<\/p>\n<p>Pense sempre no <strong>tamanho adulto<\/strong> da esp\u00e9cie que pretende e lembre-se que r\u00e9pteis bem alimentados podem crescer depressa.<\/p>\n<p>Pense sobre as <strong>fontes de calor e de luz<\/strong> a instalar no recinto: os lagartos devem ter calor e luz apropriada ou morrer\u00e3o. A temperatura ideal varia com a esp\u00e9cie mas a maior parte dos r\u00e9pteis d\u00e1-se bem com temperaturas acima de 26\u00baC durante o dia; em certas esp\u00e9cies a temperatura \u00f3ptima pode chegar aos 37\u00baC. <strong>Temperaturas demasiado altas podem ser fatais!<\/strong> Uma solu\u00e7\u00e3o simples e barata \u00e9 comprar uma l\u00e2mpada tipo foco (poder\u00e1 ter 100W ou mais) e coloc\u00e1-la sobre uma das extremidades do terr\u00e1rio, de modo a <strong>iluminar e aquecer o recinto durante 10-14 horas por dia<\/strong>. Os lagartos tamb\u00e9m precisam de <strong>luz ultra violeta<\/strong> para conseguirem absorver as vitaminas dos seus alimentos. Deve instalar-se uma l\u00e2mpada UV apropriada que dever\u00e1 estar acesa 12-14 horas por dia - <strong>n\u00e3o se esque\u00e7a de trocar a l\u00e2mpada a cada seis meses<\/strong>. Mantenha a l\u00e2mpada de ilumina\u00e7\u00e3o afastada dos cabos el\u00e9ctricos e da l\u00e2mpada UV! <strong>Cuidado com queimaduras!<\/strong><\/td>\n<\/tr>\n<tr>\n<td colspan=\"2\"><\/td>\n<\/tr>\n<tr>\n<td colspan=\"2\" align=\"center\" valign=\"top\"><img loading=\"lazy\" decoding=\"async\" src=\"http:\/\/www.fozcanis.pt\/assets\/images\/Fotos_texto\/IMGP3317.JPG\" width=\"640\" height=\"354\" border=\"0\" \/><\/td>\n<\/tr>\n<tr>\n<td colspan=\"2\"><\/td>\n<\/tr>\n<tr>\n<td><\/td>\n<td>Para terr\u00e1rios de lagartos do deserto e tropicais: coloque uma <strong>placa de aquecimento<\/strong> do lado de fora do terr\u00e1rio, nunca no seu interior nem no mesmo lado que a l\u00e2mpada! Este equipamento permite manter o terr\u00e1rio quente mesmo de noite - no entanto, n\u00e3o se esque\u00e7a que \u00e9 igualmente importante deixar que as temperaturas nocturnas caiam para os 18\u00ba-24\u00baC. Ao colocar as fontes de calor num dos lados do terr\u00e1rio permitimos que o outro lado se encontre v\u00e1rios graus mais fresco - <strong>ESSENCIAL<\/strong> pois cria um gradiente de temperatura o que permite ao animal escolher a temperatura que prefere ao movimentar-se pelo terr\u00e1rio.<\/p>\n<p>Para controlar a temperatura do terr\u00e1rio poder\u00e1 usar um <strong>term\u00f3metro<\/strong> que se coloca no vidro exterior. Estes term\u00f3metros est\u00e3o dispon\u00edveis sob a forma de fitas ou pequenos discos.<\/td>\n<\/tr>\n<tr>\n<td colspan=\"2\"><\/td>\n<\/tr>\n<tr>\n<td colspan=\"2\">Ser\u00e1 que precisa de rochas de aquecimento ou bandas de aquecimento? N\u00e3o! Estes aparelhos podem trazer problemas e facilmente ferir os seus animais. Um bom terr\u00e1rio, tampa com janela, uma l\u00e2mpada e uma placa de aquecimento externa \u00e9 tudo o que precisa para come\u00e7ar.<\/p>\n<p><strong>2\u00ba Passo: Equipar o terr\u00e1rio<\/strong><br \/>\nUma vez escolhido o tipo de lagarto e o equipamento b\u00e1sico do terr\u00e1rio, ter\u00e1 que equipar a instala\u00e7\u00e3o.<\/td>\n<\/tr>\n<tr>\n<td><\/td>\n<td>O fundo do terr\u00e1rio poder\u00e1 receber um substrato como areia ou gravilha. As melhores areias s\u00e3o as de c\u00e1lcio, gravilha suave ou casca de \u00e1rvores apropriadas para o efeito. As esp\u00e9cies provenientes de habitats des\u00e9rticos poder\u00e3o preferir uma camada espessa de areia pois gostam de escavar, ao passo que as oriundas das florestas poder\u00e3o preferir casca de \u00e1rvore pois ajuda a manter a humidade.<\/p>\n<p>Quase todos necessitam de poleiros, sejam ramos, rochas ou pequenas plantas vivas onde possam subir.<\/p>\n<p>Tamb\u00e9m gostam de s\u00edtios onde se possam esconder ou dormir. Distribua bastantes destas op\u00e7\u00f5es pelo terr\u00e1rio at\u00e9 descobrir as prefer\u00eancias do seu animal.<\/p>\n<p>Todos os terr\u00e1rios devem ter um bebedouro. Ainda que muitos r\u00e9pteis n\u00e3o necessitem de beber com frequ\u00eancia, a maior parte acaba por aprender que pode beber nos bebedouros. Para al\u00e9m disso, os bebedouros tamb\u00e9m podem servir de banheira; muitos gostam de molhar-se quando est\u00e3o na muda da pele!<\/p>\n<p>Ent\u00e3o como \u00e9 que os lagartos obt\u00eam \u00e1gua? Para muitas esp\u00e9cies a \u00e1gua que ingerem prov\u00eam da chuva e orvalho. Poder\u00e1 comprar um pulverizador de plantas e pulverizar o lagarto 2 a 3 vezes por semana. Pulverize tamb\u00e9m as plantas os ramos e a parede traseira do terr\u00e1rio.<\/td>\n<\/tr>\n<tr>\n<td colspan=\"2\"><\/td>\n<\/tr>\n<tr>\n<td colspan=\"2\"><strong>3\u00ba Passo: Manuten\u00e7\u00e3o<\/strong><\/p>\n<p>Quando o terr\u00e1rio estiver equipado e o novo inquilino tiver chegado dever\u00e1 limpar os bebedouros diariamente e limpar a areia 1-2 vezes por semana usando um instrumento para peneirar a areia. Uma vez por m\u00eas, o substrato dever\u00e1 ser trocado e todo o tanque limpo e desinfectado com um produto apropriado.<\/td>\n<\/tr>\n<\/tbody>\n<\/table>\n","protected":false},"excerpt":{"rendered":"Antes de comprar um lagarto ou uma iguana, certifique-se que pode cuidar dele devidamente. Ser\u00e1 que tem espa\u00e7o para um bom terr\u00e1rio? Tem disponibilidade para limpar as instala\u00e7\u00f5es do animal regularmente? Tem vontade de ler acerca da esp\u00e9cie do animal que pretende adquirir para que aprenda o m\u00e1ximo poss\u00edvel acerca da sua manuten\u00e7\u00e3o? Se a resposta \u00e9 \"Sim\", parab\u00e9ns pois&nbsp;<a href=\"https:\/\/www.fozcanis.pt\/2016\/informacoes\/exoticos\/como-cuidar-de-lagartos\/\" class=\"read-more\">Continue Reading<\/a>","protected":false},"author":6,"featured_media":0,"parent":2276,"menu_order":0,"comment_status":"closed","ping_status":"closed","template":"page-fullwidth.php","meta":{"footnotes":""},"class_list":["post-2281","page","type-page","status-publish","hentry"],"_links":{"self":[{"href":"https:\/\/www.fozcanis.pt\/2016\/wp-json\/wp\/v2\/pages\/2281","targetHints":{"allow":["GET"]}}],"collection":[{"href":"https:\/\/www.fozcanis.pt\/2016\/wp-json\/wp\/v2\/pages"}],"about":[{"href":"https:\/\/www.fozcanis.pt\/2016\/wp-json\/wp\/v2\/types\/page"}],"author":[{"embeddable":true,"href":"https:\/\/www.fozcanis.pt\/2016\/wp-json\/wp\/v2\/users\/6"}],"replies":[{"embeddable":true,"href":"https:\/\/www.fozcanis.pt\/2016\/wp-json\/wp\/v2\/comments?post=2281"}],"version-history":[{"count":3,"href":"https:\/\/www.fozcanis.pt\/2016\/wp-json\/wp\/v2\/pages\/2281\/revisions"}],"predecessor-version":[{"id":3316,"href":"https:\/\/www.fozcanis.pt\/2016\/wp-json\/wp\/v2\/pages\/2281\/revisions\/3316"}],"up":[{"embeddable":true,"href":"https:\/\/www.fozcanis.pt\/2016\/wp-json\/wp\/v2\/pages\/2276"}],"wp:attachment":[{"href":"https:\/\/www.fozcanis.pt\/2016\/wp-json\/wp\/v2\/media?parent=2281"}],"curies":[{"name":"wp","href":"https:\/\/api.w.org\/{rel}","templated":true}]}}