{"id":2284,"date":"2016-04-14T14:02:21","date_gmt":"2016-04-14T14:02:21","guid":{"rendered":"http:\/\/www.fozcanis.pt\/2016\/?page_id=2284"},"modified":"2016-09-16T10:51:35","modified_gmt":"2016-09-16T10:51:35","slug":"coelhos-conselhos-gerais","status":"publish","type":"page","link":"https:\/\/www.fozcanis.pt\/2016\/informacoes\/exoticos\/coelhos-conselhos-gerais\/","title":{"rendered":"Coelhos &#8211; conselhos gerais"},"content":{"rendered":"<p>Como todos os animais de companhia, os coelhos devem ser mantidos dentro de casa, com a fam\u00edlia, num ambiente tranquilo e controlado, pois s\u00e3o suscept\u00edveis ao calor, ao frio e \u00e0 humidade.<\/p>\n<p>A jaula do seu coelho dever\u00e1 ser espa\u00e7osa de forma a que ele possa exercitar-se. Para um coelho de 3Kg, a jaula dever\u00e1 ter pelo menos 50 cm de comprimento. Para cada coelho adicional dever\u00e1 aumentar a \u00e1rea do soalho em 40 a 69 cm2.<\/p>\n<p>Os coelhos s\u00e3o animais muito limpos e gostam que o seu ambiente seja limpo tamb\u00e9m. Dever\u00e1 limpar a gaiola 2-3 vezes por semana. Uma jaula com uma grade elevada a fazer de soalho \u00e9 a maneira mais f\u00e1cil de manter a higiene. Uma casota de cart\u00e3o ou de madeira para dar privacidade tamb\u00e9m \u00e9 necess\u00e1ria.<\/p>\n<p>Os coelhos gostam de roer portanto dever\u00e1 isolar os fios el\u00e9ctricos para evitar as electrocuss\u00f5es e manter as plantas fora do alcance do seu coelho.<\/p>\n<p>Quanto \u00e0 alimenta\u00e7\u00e3o, os pellets de alfafa est\u00e3o dispon\u00edveis nas lojas de animais. Como comedouro use uma ta\u00e7a de barro pesada que o animal n\u00e3o consiga virar e que seja f\u00e1cil de limpar. Uma por\u00e7\u00e3o di\u00e1ria de feno \u00e9 obrigat\u00f3ria de forma a manter o trato digestivo do seu coelho saud\u00e1vel. Coloque o feno numa plataforma mais elevada ou pendure nas grades para que n\u00e3o se conspurquem com fezes e urina. Mantenha \u00e1gua fresca num biber\u00e3o suspenso, adicionando tamb\u00e9m algumas gotas de vinagre de sidra (2-3 gotas por 100ml). Poder\u00e1 suplementar a dieta do seu coelho com alimentos frescos: cenouras, frutos frescos, br\u00f3colos, courgettes, ab\u00f3bora, rebentos flocos de aveia e de trigo e p\u00e3o seco. Introduza alimentos novos de uma forma lenta e progressiva e em pequenas quantidades para reduzir o risco de diarreia.<\/p>\n<p>Coelhos bem tratados podem viver 12 a 15 anos. Tornam-se sexualmente maduros pelas 12 semanas e as f\u00eameas podem engravidar a qualquer momento dado que est\u00e3o sempre receptivas. Tanto os machos como as f\u00eameas podem ser castrados, o que melhora os h\u00e1bitos de higiene no uso da liteira e minimiza comportamentos destrutivos ou de agress\u00e3o territorial. Se pretender arranjar um amigo para o seu coelho, a melhor solu\u00e7\u00e3o s\u00e3o duas f\u00eameas que tenham sido criadas juntas ou uma f\u00eamea e um macho castrado. Os machos geralmente n\u00e3o se d\u00e3o bem uns com os outros a menos que estejam castrados. Pode tamb\u00e9m considerar um porquinho-da-\u00edndia como um poss\u00edvel companheiro para o seu coelho.<\/p>\n<p>Dever\u00e1 ter em conta que os coelhos t\u00eam sistemas respirat\u00f3rios e digestivos muito sens\u00edveis. Uma alimenta\u00e7\u00e3o cuidada e escovagens frequentes evitam a forma\u00e7\u00e3o de bolas de p\u00ealo, pois por serem incapazes de vomitar, os coelhos s\u00e3o suscept\u00edveis a bloqueio digestivo total. Para ajudar a evitar este problema tamb\u00e9m \u00e9 importante a administra\u00e7\u00e3o de feno e de pastas preventivas (ex.: laxatone).<\/p>\n<p>Dado que os dentes do seu coelho crescem continuamente, \u00e9 essencial dar-lhe coisas duras que possa roer. Madeiras rijas e vime n\u00e3o tratados nem envernizados e p\u00e3o duro s\u00e3o s\u00f3 algumas sugest\u00f5es de produtos que poder\u00e1 utilizar para este efeito.<br \/>\nAs unhas do seu coelho poder\u00e3o tamb\u00e9m crescer em demasia. Pe\u00e7a ao seu veterin\u00e1rio para lhe mostrar como cortar as unhas ao seu coelho.<\/p>\n<p>Para pegar no seu coelho deslize gentilmente a sua m\u00e3o debaixo do seu corpo por tr\u00e1s das patas dianteiras e com a outra m\u00e3o apoie a parte detr\u00e1s do corpo levantando-o num movimento s\u00f3. Traga-o rapidamente para junto do seu corpo para maior suporte e segure firme mas gentilmente para evitar que salte ou caia dos seus bra\u00e7os.<\/p>\n<p>E lembre-se, nunca pegue num coelho pelas orelhas ou deixando o seu corpo pendurado!<\/p>\n","protected":false},"excerpt":{"rendered":"Como todos os animais de companhia, os coelhos devem ser mantidos dentro de casa, com a fam\u00edlia, num ambiente tranquilo e controlado, pois s\u00e3o suscept\u00edveis ao calor, ao frio e \u00e0 humidade. A jaula do seu coelho dever\u00e1 ser espa\u00e7osa de forma a que ele possa exercitar-se. Para um coelho de 3Kg, a jaula dever\u00e1 ter pelo menos 50 cm&nbsp;<a href=\"https:\/\/www.fozcanis.pt\/2016\/informacoes\/exoticos\/coelhos-conselhos-gerais\/\" class=\"read-more\">Continue Reading<\/a>","protected":false},"author":6,"featured_media":0,"parent":2276,"menu_order":0,"comment_status":"closed","ping_status":"closed","template":"page-fullwidth.php","meta":{"footnotes":""},"class_list":["post-2284","page","type-page","status-publish","hentry"],"_links":{"self":[{"href":"https:\/\/www.fozcanis.pt\/2016\/wp-json\/wp\/v2\/pages\/2284","targetHints":{"allow":["GET"]}}],"collection":[{"href":"https:\/\/www.fozcanis.pt\/2016\/wp-json\/wp\/v2\/pages"}],"about":[{"href":"https:\/\/www.fozcanis.pt\/2016\/wp-json\/wp\/v2\/types\/page"}],"author":[{"embeddable":true,"href":"https:\/\/www.fozcanis.pt\/2016\/wp-json\/wp\/v2\/users\/6"}],"replies":[{"embeddable":true,"href":"https:\/\/www.fozcanis.pt\/2016\/wp-json\/wp\/v2\/comments?post=2284"}],"version-history":[{"count":3,"href":"https:\/\/www.fozcanis.pt\/2016\/wp-json\/wp\/v2\/pages\/2284\/revisions"}],"predecessor-version":[{"id":3317,"href":"https:\/\/www.fozcanis.pt\/2016\/wp-json\/wp\/v2\/pages\/2284\/revisions\/3317"}],"up":[{"embeddable":true,"href":"https:\/\/www.fozcanis.pt\/2016\/wp-json\/wp\/v2\/pages\/2276"}],"wp:attachment":[{"href":"https:\/\/www.fozcanis.pt\/2016\/wp-json\/wp\/v2\/media?parent=2284"}],"curies":[{"name":"wp","href":"https:\/\/api.w.org\/{rel}","templated":true}]}}