{"id":2286,"date":"2016-04-14T14:02:53","date_gmt":"2016-04-14T14:02:53","guid":{"rendered":"http:\/\/www.fozcanis.pt\/2016\/?page_id=2286"},"modified":"2016-09-16T10:55:29","modified_gmt":"2016-09-16T10:55:29","slug":"coelhos-vacinacao","status":"publish","type":"page","link":"https:\/\/www.fozcanis.pt\/2016\/informacoes\/exoticos\/coelhos-vacinacao\/","title":{"rendered":"Coelhos &#8211; vacina\u00e7\u00e3o"},"content":{"rendered":"<p><strong>Mixomatose<\/strong><\/p>\n<p>A mixomatose \u00e9 uma doen\u00e7a transmitida habitualmente pela picada de um mosquito. A transmiss\u00e3o atrav\u00e9s de pulgas ou por contacto direto tamb\u00e9m \u00e9 poss\u00edvel apesar desta ultima forma ser bastante rara.<\/p>\n<p>Dado que a sua transmiss\u00e3o depende normalmente de um vetor (o inseto) a incid\u00eancia desta doen\u00e7a concentra-se nos meses quentes com um pico elevado em Julho-Agosto.<\/p>\n<p>Os sintomas cl\u00ednicos iniciam-se ap\u00f3s um per\u00edodo de incuba\u00e7\u00e3o de 3 a 7 dias e consistem inicialmente pela inflama\u00e7\u00e3o, tumefa\u00e7\u00e3o e vermelhid\u00e3o das p\u00e1lpebras e lacrimejamento. Em seguida poder\u00e1 observar-se um corrimento ocular purulento. A boca, nariz orelhas, as extremidades dos membros e os \u00f3rg\u00e3os sexuais encontram-se igualmente tumefactos. Os animais deixam de comer e de beber, tornam-se ap\u00e1ticos e frequentemente morrem. Existe uma forma at\u00edpica da doen\u00e7a que se caracteriza por sintomatologia respirat\u00f3ria e n\u00f3dulos subcut\u00e2neos. Esta apresenta\u00e7\u00e3o \u00e9 mais comum em explora\u00e7\u00f5es pecu\u00e1rias de coelhos.<\/p>\n<p>N\u00e3o existe cura espec\u00edfica e normalmente \u00e9 institu\u00eddo um tratamento sintom\u00e1tico de suporte. Existem casos de cura espont\u00e2nea mas a mortalidade \u00e9 muito elevada. Muitos propriet\u00e1rios optam pela eutan\u00e1sia dado o sofrimento causado pela doen\u00e7a.<\/p>\n<p>As medidas preventivas consistem no controlo dos insetos e dos parasitas externos. Em zonas afetadas n\u00e3o se deve dar a comer ao animal vegeta\u00e7\u00e3o fresca cortada no exterior e poder\u00e1 instalar-se rede mosquiteira nas janelas das divis\u00f5es onde se alojam os animais ou mante-los estritamente no interior.<\/p>\n<p>A vacina\u00e7\u00e3o \u00e9 uma forma eficaz de reduzir a mortalidade e os sinais cl\u00ednicos de mixomatose. Ap\u00f3s a vacina\u00e7\u00e3o \u00e9 comum observar-se uma pequena tumefa\u00e7\u00e3o indolor no local da inje\u00e7\u00e3o nas primeiras duas semanas ap\u00f3s a vacina\u00e7\u00e3o. A tumefa\u00e7\u00e3o desaparece completamente nas 3 semanas ap\u00f3s a vacina\u00e7\u00e3o.<\/p>\n<p><strong>Doen\u00e7a hemorr\u00e1gica viral do coelho<\/strong><\/p>\n<p>A Doen\u00e7a hemorr\u00e1gica viral do coelho \u00e9 uma doen\u00e7a altamente contagiosa provocada por um caliciv\u00edrus que afeta exclusivamente coelhos das esp\u00e9cies existentes na europa.<\/p>\n<p>Os sintomas s\u00e3o falta de apetite, letargia, febres altas, hemorragias difusas em muitos org\u00e3os, espasmos e morte s\u00fabita. \u00c9 uma doen\u00e7a de progress\u00e3o extremamente r\u00e1pida com taxas de mortalidade muito elevadas. O per\u00edodo de incuba\u00e7\u00e3o ronda as 48h. Os poucos animais que sobrevivem a esta doen\u00e7a mant\u00eam-se portadores excretando o v\u00edrus por cerca de 40 dias ap\u00f3s o desaparecimento dos sintomas.<\/p>\n<p>Este v\u00edrus \u00e9 muito resistente permanecendo vi\u00e1vel no ambiente por muito tempo. O cont\u00e1gio pode ser feito atrav\u00e9s de:<\/p>\n<ul>\n<li>Contacto do coelho com objetos contaminados pelo v\u00edrus. Roupas, sapatos, comedouros, jaulas, etc.<\/li>\n<li>Contacto direto com animais infetados (p. ex. coelhos selvagens) ou com as suas fezes p\u00ealo, sangue ou urina:<\/li>\n<li>Insetos, p\u00e1ssaros e roedores que possam ter contactado com animais infetados ou seus produtos.<\/li>\n<li>Os humanos podem disseminar o v\u00edrus se estiverem em contacto com coelhos infetados ou com objetos contaminados por estes.<\/li>\n<\/ul>\n<p>A preven\u00e7\u00e3o desta doen\u00e7a consiste em manter os animais no interior. Lavar as m\u00e3os cuidadosamente e mudar de roupa antes de tocar no seu coelho, particularmente se frequentar locais onde possa haver coelhos ou pessoas que contactam com eles como lojas de animais, associa\u00e7\u00f5es de prote\u00e7\u00e3o de animais, etc.<\/p>\n<p>A vacina\u00e7\u00e3o \u00e9 uma forma eficaz de prevenir a mortalidade devida \u00e0 doen\u00e7a hemorr\u00e1gica viral do coelho e \u00e9 essencial no controlo desta doen\u00e7a.<\/p>\n<p>A vacina\u00e7\u00e3o para estas duas doen\u00e7as pode ser feita a partir das 5 semanas de idade e a primovacina\u00e7\u00e3o consiste numa aplica\u00e7\u00e3o \u00fanica. A imunidade dura 12 meses pelo que os refor\u00e7os s\u00e3o anuais.<\/p>\n","protected":false},"excerpt":{"rendered":"Mixomatose A mixomatose \u00e9 uma doen\u00e7a transmitida habitualmente pela picada de um mosquito. A transmiss\u00e3o atrav\u00e9s de pulgas ou por contacto direto tamb\u00e9m \u00e9 poss\u00edvel apesar desta ultima forma ser bastante rara. Dado que a sua transmiss\u00e3o depende normalmente de um vetor (o inseto) a incid\u00eancia desta doen\u00e7a concentra-se nos meses quentes com um pico elevado em Julho-Agosto. Os sintomas&nbsp;<a href=\"https:\/\/www.fozcanis.pt\/2016\/informacoes\/exoticos\/coelhos-vacinacao\/\" class=\"read-more\">Continue Reading<\/a>","protected":false},"author":6,"featured_media":0,"parent":2276,"menu_order":0,"comment_status":"closed","ping_status":"closed","template":"page-fullwidth.php","meta":{"footnotes":""},"class_list":["post-2286","page","type-page","status-publish","hentry"],"_links":{"self":[{"href":"https:\/\/www.fozcanis.pt\/2016\/wp-json\/wp\/v2\/pages\/2286","targetHints":{"allow":["GET"]}}],"collection":[{"href":"https:\/\/www.fozcanis.pt\/2016\/wp-json\/wp\/v2\/pages"}],"about":[{"href":"https:\/\/www.fozcanis.pt\/2016\/wp-json\/wp\/v2\/types\/page"}],"author":[{"embeddable":true,"href":"https:\/\/www.fozcanis.pt\/2016\/wp-json\/wp\/v2\/users\/6"}],"replies":[{"embeddable":true,"href":"https:\/\/www.fozcanis.pt\/2016\/wp-json\/wp\/v2\/comments?post=2286"}],"version-history":[{"count":3,"href":"https:\/\/www.fozcanis.pt\/2016\/wp-json\/wp\/v2\/pages\/2286\/revisions"}],"predecessor-version":[{"id":3319,"href":"https:\/\/www.fozcanis.pt\/2016\/wp-json\/wp\/v2\/pages\/2286\/revisions\/3319"}],"up":[{"embeddable":true,"href":"https:\/\/www.fozcanis.pt\/2016\/wp-json\/wp\/v2\/pages\/2276"}],"wp:attachment":[{"href":"https:\/\/www.fozcanis.pt\/2016\/wp-json\/wp\/v2\/media?parent=2286"}],"curies":[{"name":"wp","href":"https:\/\/api.w.org\/{rel}","templated":true}]}}