{"id":2288,"date":"2016-04-14T14:03:39","date_gmt":"2016-04-14T14:03:39","guid":{"rendered":"http:\/\/www.fozcanis.pt\/2016\/?page_id=2288"},"modified":"2016-09-16T10:57:09","modified_gmt":"2016-09-16T10:57:09","slug":"dietas-papagaios","status":"publish","type":"page","link":"https:\/\/www.fozcanis.pt\/2016\/informacoes\/exoticos\/dietas-papagaios\/","title":{"rendered":"Dietas Papagaios"},"content":{"rendered":"<p>Tradicionalmente a maioria das pessoas alimenta os seus papagaios com sementes de girassol e amendoins. Esta dieta \u00e9 francamente pobre para estes animais uma vez que no estado selvagem eles t\u00eam dietas muito variadas que incluem frutos, sementes, folhas, n\u00e9ctar e at\u00e9 em algumas esp\u00e9cies alguma prote\u00edna de origem animal. Reduzir a quantidade de sementes de girassol e de amendoins a um m\u00ednimo \u00e9 portanto essencial porque s\u00e3o prejudiciais ao f\u00edgado e n\u00e3o t\u00eam vitaminas. A grande maioria das patologias que encontramos nestas esp\u00e9cies \u00e9 devida a uma alimenta\u00e7\u00e3o incorrecta que tamb\u00e9m pode encurtar a esperan\u00e7a m\u00e9dia de vida destes animais.<\/p>\n<p>Existem no mercado diferentes qualidades de ra\u00e7\u00f5es comerciais para papagaios. As ra\u00e7\u00f5es de boa qualidade n\u00e3o trazem sementes e proporcionam uma dieta equilibrada. A transi\u00e7\u00e3o para a ra\u00e7\u00e3o deve ser feita gradualmente. Caso o animal n\u00e3o se adapte \u00e0 ra\u00e7\u00e3o, a alimenta\u00e7\u00e3o deve ser mudada usando as sugest\u00f5es que se seguem. Mesmo que o seu papagaio se adapte ser\u00e1 sempre ben\u00e9fico para a sua rela\u00e7\u00e3o com ele oferecer alguns mimos dos alimentos que sugerimos.<\/p>\n<p>Aumentar a quantidade de fruta...<\/p>\n<ul>\n<li class=\"firstItem\">\u00a0Papaia<\/li>\n<li>\u00a0Manga<\/li>\n<li>\u00a0Anan\u00e1s<\/li>\n<li>\u00a0Ma\u00e7\u00e3<\/li>\n<li>\u00a0P\u00eara<\/li>\n<li>\u00a0Banana (descascada)<\/li>\n<li>\u00a0Morangos<\/li>\n<li>\u00a0Cerejas<\/li>\n<li>\u00a0Uvas (com sementes)<\/li>\n<li>\u00a0P\u00eassegos<\/li>\n<li class=\"lastItem\">\u00a0Tangerinas (n\u00e3o dar citrinos mais de 3 vezes\/semana)<\/li>\n<\/ul>\n<p>&nbsp;<\/p>\n<p>E de vegetais! (crus ou ligeiramente cozidos)<\/p>\n<ul>\n<li class=\"firstItem\">\u00a0Feij\u00e3o verde<\/li>\n<li>\u00a0Br\u00f3colos (cozidos)<\/li>\n<li>\u00a0Alface<\/li>\n<li>\u00a0End\u00edvias<\/li>\n<li>\u00a0Couve (cozida)<\/li>\n<li>\u00a0Batata (cozida)<\/li>\n<li>\u00a0Rabanetes (de vez em quando)<\/li>\n<li>\u00a0Cenoura<\/li>\n<li>\u00a0Tomate<\/li>\n<li>\u00a0Ab\u00f3bora<\/li>\n<li>\u00a0Rebentos de soja<\/li>\n<li>\u00a0Batata doce<\/li>\n<li>\u00a0Milho doce<\/li>\n<li class=\"lastItem\">\u00a0Massa cozida<\/li>\n<\/ul>\n","protected":false},"excerpt":{"rendered":"Tradicionalmente a maioria das pessoas alimenta os seus papagaios com sementes de girassol e amendoins. Esta dieta \u00e9 francamente pobre para estes animais uma vez que no estado selvagem eles t\u00eam dietas muito variadas que incluem frutos, sementes, folhas, n\u00e9ctar e at\u00e9 em algumas esp\u00e9cies alguma prote\u00edna de origem animal. Reduzir a quantidade de sementes de girassol e de amendoins&nbsp;<a href=\"https:\/\/www.fozcanis.pt\/2016\/informacoes\/exoticos\/dietas-papagaios\/\" class=\"read-more\">Continue Reading<\/a>","protected":false},"author":6,"featured_media":0,"parent":2276,"menu_order":0,"comment_status":"closed","ping_status":"closed","template":"page-fullwidth.php","meta":{"footnotes":""},"class_list":["post-2288","page","type-page","status-publish","hentry"],"_links":{"self":[{"href":"https:\/\/www.fozcanis.pt\/2016\/wp-json\/wp\/v2\/pages\/2288","targetHints":{"allow":["GET"]}}],"collection":[{"href":"https:\/\/www.fozcanis.pt\/2016\/wp-json\/wp\/v2\/pages"}],"about":[{"href":"https:\/\/www.fozcanis.pt\/2016\/wp-json\/wp\/v2\/types\/page"}],"author":[{"embeddable":true,"href":"https:\/\/www.fozcanis.pt\/2016\/wp-json\/wp\/v2\/users\/6"}],"replies":[{"embeddable":true,"href":"https:\/\/www.fozcanis.pt\/2016\/wp-json\/wp\/v2\/comments?post=2288"}],"version-history":[{"count":3,"href":"https:\/\/www.fozcanis.pt\/2016\/wp-json\/wp\/v2\/pages\/2288\/revisions"}],"predecessor-version":[{"id":3321,"href":"https:\/\/www.fozcanis.pt\/2016\/wp-json\/wp\/v2\/pages\/2288\/revisions\/3321"}],"up":[{"embeddable":true,"href":"https:\/\/www.fozcanis.pt\/2016\/wp-json\/wp\/v2\/pages\/2276"}],"wp:attachment":[{"href":"https:\/\/www.fozcanis.pt\/2016\/wp-json\/wp\/v2\/media?parent=2288"}],"curies":[{"name":"wp","href":"https:\/\/api.w.org\/{rel}","templated":true}]}}