{"id":2290,"date":"2016-04-14T14:04:04","date_gmt":"2016-04-14T14:04:04","guid":{"rendered":"http:\/\/www.fozcanis.pt\/2016\/?page_id=2290"},"modified":"2016-09-16T10:59:51","modified_gmt":"2016-09-16T10:59:51","slug":"canarios-serinus-canaria","status":"publish","type":"page","link":"https:\/\/www.fozcanis.pt\/2016\/informacoes\/exoticos\/canarios-serinus-canaria\/","title":{"rendered":"Can\u00e1rios (Serinus canaria)"},"content":{"rendered":"<p>\u00c9 uma ave setentrional semi aut\u00f3ctone que vive em m\u00e9dia dez anos mas podem durar at\u00e9 18 anos.<\/p>\n<p>S\u00f3 os machos \u00e9 que cantam na \u00e9poca reprodutora e quando est\u00e3o s\u00f3s. Se um indiv\u00edduo v\u00ea outro macho poder\u00e1 n\u00e3o cantar mas se o ouvir sim.<\/p>\n<p>T\u00eam uma muda definida em Setembro no final da \u00e9poca reprodutora durante a qual n\u00e3o cantam. Problemas nutricionais (dietas pobres em prote\u00edna, c\u00e1lcio e vitamina A) poder\u00e3o causar mudas an\u00f3malas ou indefinidas durante as quais os animais deixam de cantar. Pode-se for\u00e7ar a muda diminuindo gradualmente o n\u00famero de horas de luz.<\/p>\n<p>Os can\u00e1rios obesos tamb\u00e9m poder\u00e3o deixar de cantar.<\/p>\n<p>Estes animais t\u00eam de estar no exterior pelo menos algum tempo pois necessitam de luz natural. Aten\u00e7\u00e3o para n\u00e3o os deixar sem possibilidade de se refugiarem numa sombra ou com temperaturas extremas.<\/p>\n<p><strong>Sexagem<\/strong><\/p>\n<p>Sopra-se no abd\u00f3men para afastar as penas. As f\u00eameas t\u00eam a parte posterior do abd\u00f3men em forma de tonel e nos machos a cloaca sobressai como uma papila. Os animais com menos de seis meses s\u00e3o extremamente dif\u00edceis e sexar.<\/p>\n<p><strong>Nutri\u00e7\u00e3o<\/strong><\/p>\n<p>A maioria dos can\u00e1rios sofre de m\u00e1 nutri\u00e7\u00e3o cr\u00f3nica com preponder\u00e2ncia para deficits de c\u00e1lcio e de vitamina A. Os alimentos compostos s\u00e3o uma boa solu\u00e7\u00e3o. As sementes devem ser completamente evitadas como dieta base. Para al\u00e9m disso os lotes comerciais de sementes encontram-se frequentemente contaminados com fungos.<\/p>\n<p>A alface \u00e9 pobre em nutrientes excepto em f\u00f3sforo o que \u00e9 contraproducente pois aprisiona o c\u00e1lcio. \u00c9 prefer\u00edvel dar couve escaldada, acelgas, espinafres, courgettes, ab\u00f3bora, todos os vegetais de folha verde excepto a alface. A rama da cenoura \u00e9 ideal pois tem muito c\u00e1lcio. Pode-se complementar a alimenta\u00e7\u00e3o com pasta de ovo, bolacha e leguminosas demolhadas ou cozidas. N\u00e3o dar abacate pois \u00e9 t\u00f3xico para as aves.<\/p>\n<p>Para melhorar a cor de animais com tons avermelhados podem usar-se pastas especiais, pimentos ou cenoura ralada.<\/p>\n<p><strong>Alojamento e enriquecimento ambiental<\/strong><\/p>\n<p>Deve usar-se uma jaula grande e rectangular com dois ou tr\u00eas poleiros ao mesmo n\u00edvel e n\u00e3o muito pr\u00f3ximos. Os poleiros devem ter um di\u00e2metro adequado e ser em madeira natural. As jaulas redondas n\u00e3o oferecem sensa\u00e7\u00e3o de confian\u00e7a ao animal e tendem a estragar as penas.<\/p>\n<p>Deve-se incluir um esconderijo que serve de est\u00edmulo para a muda e para a postura.<\/p>\n<p>A cozinha e a sala de estar n\u00e3o s\u00e3o locais recomendados para a gaiola. A cozinha tem muitos fumos e vapores que s\u00e3o prejudiciais para o animal e a sala tem muitos ru\u00eddos estranhos mesmo depois de o animal querer dormir (s\u00f3 \u00e9 aceit\u00e1vel se o animal estiver habituado).<\/p>\n","protected":false},"excerpt":{"rendered":"\u00c9 uma ave setentrional semi aut\u00f3ctone que vive em m\u00e9dia dez anos mas podem durar at\u00e9 18 anos. S\u00f3 os machos \u00e9 que cantam na \u00e9poca reprodutora e quando est\u00e3o s\u00f3s. Se um indiv\u00edduo v\u00ea outro macho poder\u00e1 n\u00e3o cantar mas se o ouvir sim. T\u00eam uma muda definida em Setembro no final da \u00e9poca reprodutora durante a qual n\u00e3o&nbsp;<a href=\"https:\/\/www.fozcanis.pt\/2016\/informacoes\/exoticos\/canarios-serinus-canaria\/\" class=\"read-more\">Continue Reading<\/a>","protected":false},"author":6,"featured_media":0,"parent":2276,"menu_order":0,"comment_status":"closed","ping_status":"closed","template":"page-fullwidth.php","meta":{"footnotes":""},"class_list":["post-2290","page","type-page","status-publish","hentry"],"_links":{"self":[{"href":"https:\/\/www.fozcanis.pt\/2016\/wp-json\/wp\/v2\/pages\/2290","targetHints":{"allow":["GET"]}}],"collection":[{"href":"https:\/\/www.fozcanis.pt\/2016\/wp-json\/wp\/v2\/pages"}],"about":[{"href":"https:\/\/www.fozcanis.pt\/2016\/wp-json\/wp\/v2\/types\/page"}],"author":[{"embeddable":true,"href":"https:\/\/www.fozcanis.pt\/2016\/wp-json\/wp\/v2\/users\/6"}],"replies":[{"embeddable":true,"href":"https:\/\/www.fozcanis.pt\/2016\/wp-json\/wp\/v2\/comments?post=2290"}],"version-history":[{"count":2,"href":"https:\/\/www.fozcanis.pt\/2016\/wp-json\/wp\/v2\/pages\/2290\/revisions"}],"predecessor-version":[{"id":3322,"href":"https:\/\/www.fozcanis.pt\/2016\/wp-json\/wp\/v2\/pages\/2290\/revisions\/3322"}],"up":[{"embeddable":true,"href":"https:\/\/www.fozcanis.pt\/2016\/wp-json\/wp\/v2\/pages\/2276"}],"wp:attachment":[{"href":"https:\/\/www.fozcanis.pt\/2016\/wp-json\/wp\/v2\/media?parent=2290"}],"curies":[{"name":"wp","href":"https:\/\/api.w.org\/{rel}","templated":true}]}}