{"id":413,"date":"2012-05-23T08:42:07","date_gmt":"2012-05-23T08:42:07","guid":{"rendered":"http:\/\/192.168.9.29\/Development\/TB\/?page_id=413"},"modified":"2018-11-19T16:43:12","modified_gmt":"2018-11-19T16:43:12","slug":"equipa","status":"publish","type":"page","link":"https:\/\/www.fozcanis.pt\/2016\/hospital\/equipa\/","title":{"rendered":"Equipa"},"content":{"rendered":"<p>&nbsp;<\/p>\n<div class=\"row \"><div class=\"span4 \"><p><strong><a href=\"http:\/\/www.fozcanis.pt\/2016\/hospital\/equipa\/dr-nuno-nazario\/\">Dr. Nuno Naz\u00e1rio<\/a><\/strong><\/p>\n<p>Licenciado em Medicina Veterin\u00e1ria pela Universidade de Tr\u00e1s-os-Montes e Alto Douro em 1996.<\/p><\/div><div class=\"span4 \"><p><strong><a href=\"http:\/\/www.fozcanis.pt\/2016\/hospital\/equipa\/dra-teresa-teigao\/\">Dra. Teresa Teig\u00e3o<\/a><\/strong><\/p>\n<p>Licenciada em Medicina Veterin\u00e1ria pela Universidade de Tr\u00e1s-os-Montes e Alto Douro em 1996.<\/p><\/div><\/div><!-- .row (end) -->\n<div class=\"row \"><div class=\"span4 \"><p><strong><a href=\"http:\/\/www.fozcanis.pt\/2016\/hospital\/equipa\/dr-ricardo-pires-aleixo\/\">Dr. Ricardo Pires Aleixo<\/a><\/strong><\/p>\n<p>Licenciado em Medicina Veterin\u00e1ria pela Universidade de Tr\u00e1s-os-Montes e Alto Douro, licenciatura esta iniciada em 1996 e conclu\u00edda em 2001.<\/p><\/div><div class=\"span4 \"><p><strong><a href=\"http:\/\/www.fozcanis.pt\/2016\/hospital\/equipa\/dra-sara-dias\/\">Dra. Sara Dias<\/a><\/strong><\/p>\n<p>Licenciada em Medicina Veterin\u00e1ria pela Universidade de Tr\u00e1s-os-Montes e Alto Douro em 2007.<\/p><\/div>\n<div class=\"span4 \"><p><strong><a href=\"http:\/\/www.fozcanis.pt\/2016\/hospital\/equipa\/dra-marlene-antunes\">Dra. Marlene Antunes<\/a><\/strong><\/p>\n<p>Concluiu o Mestrado Integrado em Medicina Veterin\u00e1ria pela Universidade de \u00c9vora em 2014.<\/p><\/div>\n<\/div><!-- .row (end) -->\n<div class=\"row \"><div class=\"span4 \"><p><strong><a href=\"http:\/\/www.fozcanis.pt\/2016\/hospital\/equipa\/dra-cristiana-viegas\/\">Dra. Cristiana Viegas<\/a><\/strong><\/p>\n<p>Concluiu o Mestrado Integrado em Medicina Veterin\u00e1ria pelo Instituto de Ci\u00eancias Biom\u00e9dicas Abel Salazar \u2013 Universidade do Porto, em 2010.<\/p><\/div><div class=\"span4 \"><p><strong><a href=\"http:\/\/www.fozcanis.pt\/2016\/hospital\/equipa\/ligia-sousa\/\">L\u00edgia Sousa<\/a><\/strong><\/p>\n<p>Auxiliar de Veterin\u00e1ria.<\/p><\/div><div class=\"span4 \"><p><strong><a href=\"http:\/\/www.fozcanis.pt\/2016\/hospital\/equipa\/daniela-andre\/\">Daniela Andr\u00e9<\/a><\/strong><\/p>\n<p>Auxiliar de Veterin\u00e1ria.<\/p><\/div><\/div><!-- .row (end) -->\n<div class=\"row \"><div class=\"span4 \"><p><strong><a href=\"http:\/\/www.fozcanis.pt\/2016\/hospital\/equipa\/enf-angela-ramalho\/\">Enf. \u00c2ngela Ramalho<\/a><\/strong><\/p>\n<p>Licenciada em Enfermagem Veterin\u00e1ria pela Escola Superior Agr\u00e1ria de Viseu em 2010.<\/p><\/div><div class=\"span4 \"><p><strong><a href=\"https:\/\/www.fozcanis.pt\/2016\/hospital\/equipa\/enf-bruno-pais\/\">Enf. Bruno Pais<\/a><\/strong><\/p>\n<p>Licenciado em Enfermagem Veterin\u00e1ria pela Escola Superior Agr\u00e1ria de Viseu em 2015.<\/p><\/div><div class=\"span4 \"><p><strong><a href=\"http:\/\/www.fozcanis.pt\/2016\/hospital\/equipa\/enf-armando-azenha\/\">Enf. Armando Azenha<\/a><\/strong><\/p>\n<p>Licenciado em Enfermagem Veterin\u00e1ria pela Escola Superior Agr\u00e1ria de Castelo Branco em 2012.<\/p><\/div><\/div><!-- .row (end) -->\n<p>&nbsp;<\/p>\n","protected":false},"excerpt":{"rendered":"&nbsp; &nbsp;","protected":false},"author":6,"featured_media":0,"parent":1797,"menu_order":1,"comment_status":"closed","ping_status":"closed","template":"page-fullwidth.php","meta":{"footnotes":""},"class_list":["post-413","page","type-page","status-publish","hentry"],"_links":{"self":[{"href":"https:\/\/www.fozcanis.pt\/2016\/wp-json\/wp\/v2\/pages\/413","targetHints":{"allow":["GET"]}}],"collection":[{"href":"https:\/\/www.fozcanis.pt\/2016\/wp-json\/wp\/v2\/pages"}],"about":[{"href":"https:\/\/www.fozcanis.pt\/2016\/wp-json\/wp\/v2\/types\/page"}],"author":[{"embeddable":true,"href":"https:\/\/www.fozcanis.pt\/2016\/wp-json\/wp\/v2\/users\/6"}],"replies":[{"embeddable":true,"href":"https:\/\/www.fozcanis.pt\/2016\/wp-json\/wp\/v2\/comments?post=413"}],"version-history":[{"count":32,"href":"https:\/\/www.fozcanis.pt\/2016\/wp-json\/wp\/v2\/pages\/413\/revisions"}],"predecessor-version":[{"id":3584,"href":"https:\/\/www.fozcanis.pt\/2016\/wp-json\/wp\/v2\/pages\/413\/revisions\/3584"}],"up":[{"embeddable":true,"href":"https:\/\/www.fozcanis.pt\/2016\/wp-json\/wp\/v2\/pages\/1797"}],"wp:attachment":[{"href":"https:\/\/www.fozcanis.pt\/2016\/wp-json\/wp\/v2\/media?parent=413"}],"curies":[{"name":"wp","href":"https:\/\/api.w.org\/{rel}","templated":true}]}}