{"id":9,"date":"2011-07-14T19:46:13","date_gmt":"2011-07-14T19:46:13","guid":{"rendered":"http:\/\/192.168.9.29\/Development\/TB\/?page_id=9"},"modified":"2016-09-16T09:29:35","modified_gmt":"2016-09-16T09:29:35","slug":"servicos","status":"publish","type":"page","link":"https:\/\/www.fozcanis.pt\/2016\/servicos\/","title":{"rendered":"Servi\u00e7os"},"content":{"rendered":"<div class=\"row \"><div class=\"span12 \">O FozCanis - Hospital Veterin\u00e1rio da Figueira da Foz permite a marca\u00e7\u00e3o de consultas externas durante o seu hor\u00e1rio de atendimento e disponibiliza ainda um servi\u00e7o de urg\u00eancias 24 horas. Existe ainda a possibilidade de consultas ao domicilio.<\/div><\/div><!-- .row (end) -->\n<p>&nbsp;<\/p>\n<div class=\"row \"><div class=\"span6 \"><p><a href=\"http:\/\/www.fozcanis.pt\/2016\/servicos\/exames-complementares-de-diagnostico\">Exames complementares de diagn\u00f3stico<\/a><\/p>\n<p>Para melhor servir os seus clientes, o FozCanis disp\u00f5e de variados equipamentos para exames complementares de diagn\u00f3stico, nomeadamente.<\/p><\/div><div class=\"span6 \"><p><a href=\"http:\/\/www.fozcanis.pt\/2016\/servicos\/consultas\">Consultas<\/a><\/p>\n<p>O Hospital Veterin\u00e1rio da Figueira da Foz realiza consultas n\u00e3o s\u00f3 em Cl\u00ednica Geral (incluindo Pediatria e Geriatria) e Medicina Preventiva (e.g.: vacina\u00e7\u00f5es, identifica\u00e7\u00e3o electr\u00f3nica) como ainda em \u00e1reas \"de especialidade\".<\/p><\/div><\/div><!-- .row (end) -->\n<div class=\"row \"><div class=\"span6 \"><p><a href=\"http:\/\/www.fozcanis.pt\/2016\/servicos\/cirurgias\">Cirurgias<\/a><\/p>\n<p>Apesar de n\u00e3o existem especialidades veterin\u00e1rias reconhecidas oficialmente em Portugal, o FozCanis possui uma equipa multi-disciplinar, com elementos que se interessam e dedicam particularmente aos variados temas da medicina veterin\u00e1ria.<\/p><\/div><div class=\"span6 \"><p><strong>Banhos e Tosquias<\/strong><\/p><\/div><\/div><!-- .row (end) -->\n<div class=\"row \"><div class=\"span6 \"><p><a href=\"http:\/\/www.fozcanis.pt\/2016\/servicos\/outros-servicos\">Outros servi\u00e7os<\/a><\/p><\/div><div class=\"span6 \"><\/div><\/div><!-- .row (end) -->\n","protected":false},"excerpt":{"rendered":"&nbsp;","protected":false},"author":6,"featured_media":0,"parent":0,"menu_order":2,"comment_status":"open","ping_status":"closed","template":"page-fullwidth.php","meta":{"footnotes":""},"class_list":["post-9","page","type-page","status-publish","hentry"],"_links":{"self":[{"href":"https:\/\/www.fozcanis.pt\/2016\/wp-json\/wp\/v2\/pages\/9","targetHints":{"allow":["GET"]}}],"collection":[{"href":"https:\/\/www.fozcanis.pt\/2016\/wp-json\/wp\/v2\/pages"}],"about":[{"href":"https:\/\/www.fozcanis.pt\/2016\/wp-json\/wp\/v2\/types\/page"}],"author":[{"embeddable":true,"href":"https:\/\/www.fozcanis.pt\/2016\/wp-json\/wp\/v2\/users\/6"}],"replies":[{"embeddable":true,"href":"https:\/\/www.fozcanis.pt\/2016\/wp-json\/wp\/v2\/comments?post=9"}],"version-history":[{"count":26,"href":"https:\/\/www.fozcanis.pt\/2016\/wp-json\/wp\/v2\/pages\/9\/revisions"}],"predecessor-version":[{"id":3270,"href":"https:\/\/www.fozcanis.pt\/2016\/wp-json\/wp\/v2\/pages\/9\/revisions\/3270"}],"wp:attachment":[{"href":"https:\/\/www.fozcanis.pt\/2016\/wp-json\/wp\/v2\/media?parent=9"}],"curies":[{"name":"wp","href":"https:\/\/api.w.org\/{rel}","templated":true}]}}